{"id":96,"date":"2019-01-22T19:02:41","date_gmt":"2019-01-22T18:02:41","guid":{"rendered":"https:\/\/stadia.g4adev.net\/www\/?page_id=96"},"modified":"2022-06-21T04:26:36","modified_gmt":"2022-06-21T02:26:36","slug":"gym-2","status":"publish","type":"page","link":"https:\/\/stadiasuites.com\/queretaro\/gym-2\/","title":{"rendered":"Gym"},"content":{"rendered":"\n<h2 style=\"color:#f16b31\">\n<span style=\"color:#fff\">MANTENGA\nSU RUTINA<\/span> DURANTE EL VIAJE<\/h2>\n\n\n\n<p> Nuestro gimnasio est\u00e1 equipado con todo lo que necesita para sentirse lo mejor posible.<\/p>\n","protected":false},"excerpt":{"rendered":"<p>MANTENGA SU RUTINA DURANTE EL VIAJE Nuestro gimnasio est\u00e1 equipado con todo lo que necesita para sentirse lo mejor posible.<\/p>\n","protected":false},"author":1,"featured_media":1109,"parent":0,"menu_order":0,"comment_status":"closed","ping_status":"closed","template":"template-landings.php","meta":{"footnotes":""},"class_list":["post-96","page","type-page","status-publish","has-post-thumbnail","hentry"],"yoast_head":"<!-- This site is optimized with the Yoast SEO plugin v26.8 - https:\/\/yoast.com\/product\/yoast-seo-wordpress\/ -->\n<title>Gym - Hotel Stad\u00eda Suites Qu\u00e9retaro<\/title>\n<meta name=\"robots\" content=\"index, follow, max-snippet:-1, max-image-preview:large, max-video-preview:-1\" \/>\n<link rel=\"canonical\" href=\"https:\/\/stadiasuites.com\/queretaro\/gym-2\/\" \/>\n<meta property=\"og:locale\" content=\"es_ES\" \/>\n<meta property=\"og:type\" content=\"article\" \/>\n<meta property=\"og:title\" content=\"Gym - Hotel Stad\u00eda Suites Qu\u00e9retaro\" \/>\n<meta property=\"og:description\" content=\"MANTENGA SU RUTINA DURANTE EL VIAJE Nuestro gimnasio est\u00e1 equipado con todo lo que necesita para sentirse lo mejor posible.\" \/>\n<meta property=\"og:url\" content=\"https:\/\/stadiasuites.com\/queretaro\/gym-2\/\" \/>\n<meta property=\"og:site_name\" content=\"Hotel Stad\u00eda Suites Qu\u00e9retaro\" \/>\n<meta property=\"article:modified_time\" content=\"2022-06-21T02:26:36+00:00\" \/>\n<meta property=\"og:image\" content=\"https:\/\/stadiasuites.com\/queretaro\/wp-content\/uploads\/sites\/2\/2022\/06\/IMAGEN-DESTACADA-GYM-scaled.jpg\" \/>\n\t<meta property=\"og:image:width\" content=\"2560\" \/>\n\t<meta property=\"og:image:height\" content=\"1707\" \/>\n\t<meta property=\"og:image:type\" content=\"image\/jpeg\" \/>\n<meta name=\"twitter:card\" content=\"summary_large_image\" \/>\n<meta name=\"twitter:label1\" content=\"Tiempo de lectura\" \/>\n\t<meta name=\"twitter:data1\" content=\"1 minuto\" \/>\n<script type=\"application\/ld+json\" class=\"yoast-schema-graph\">{\"@context\":\"https:\/\/schema.org\",\"@graph\":[{\"@type\":\"WebPage\",\"@id\":\"https:\/\/stadiasuites.com\/queretaro\/gym-2\/\",\"url\":\"https:\/\/stadiasuites.com\/queretaro\/gym-2\/\",\"name\":\"Gym - Hotel Stad\u00eda Suites Qu\u00e9retaro\",\"isPartOf\":{\"@id\":\"https:\/\/stadiasuites.com\/queretaro\/#website\"},\"primaryImageOfPage\":{\"@id\":\"https:\/\/stadiasuites.com\/queretaro\/gym-2\/#primaryimage\"},\"image\":{\"@id\":\"https:\/\/stadiasuites.com\/queretaro\/gym-2\/#primaryimage\"},\"thumbnailUrl\":\"https:\/\/stadiasuites.com\/queretaro\/wp-content\/uploads\/sites\/2\/2022\/06\/IMAGEN-DESTACADA-GYM-scaled.jpg\",\"datePublished\":\"2019-01-22T18:02:41+00:00\",\"dateModified\":\"2022-06-21T02:26:36+00:00\",\"breadcrumb\":{\"@id\":\"https:\/\/stadiasuites.com\/queretaro\/gym-2\/#breadcrumb\"},\"inLanguage\":\"es\",\"potentialAction\":[{\"@type\":\"ReadAction\",\"target\":[\"https:\/\/stadiasuites.com\/queretaro\/gym-2\/\"]}]},{\"@type\":\"ImageObject\",\"inLanguage\":\"es\",\"@id\":\"https:\/\/stadiasuites.com\/queretaro\/gym-2\/#primaryimage\",\"url\":\"https:\/\/stadiasuites.com\/queretaro\/wp-content\/uploads\/sites\/2\/2022\/06\/IMAGEN-DESTACADA-GYM-scaled.jpg\",\"contentUrl\":\"https:\/\/stadiasuites.com\/queretaro\/wp-content\/uploads\/sites\/2\/2022\/06\/IMAGEN-DESTACADA-GYM-scaled.jpg\",\"width\":2560,\"height\":1707},{\"@type\":\"BreadcrumbList\",\"@id\":\"https:\/\/stadiasuites.com\/queretaro\/gym-2\/#breadcrumb\",\"itemListElement\":[{\"@type\":\"ListItem\",\"position\":1,\"name\":\"Home\",\"item\":\"https:\/\/stadiasuites.com\/queretaro\/\"},{\"@type\":\"ListItem\",\"position\":2,\"name\":\"Gym\"}]},{\"@type\":\"WebSite\",\"@id\":\"https:\/\/stadiasuites.com\/queretaro\/#website\",\"url\":\"https:\/\/stadiasuites.com\/queretaro\/\",\"name\":\"Hotel Stad\u00eda Suites Qu\u00e9retaro\",\"description\":\"Hotel Stad\u00eda Suites Quer\u00e9taro\",\"potentialAction\":[{\"@type\":\"SearchAction\",\"target\":{\"@type\":\"EntryPoint\",\"urlTemplate\":\"https:\/\/stadiasuites.com\/queretaro\/?s={search_term_string}\"},\"query-input\":{\"@type\":\"PropertyValueSpecification\",\"valueRequired\":true,\"valueName\":\"search_term_string\"}}],\"inLanguage\":\"es\"}]}<\/script>\n<!-- \/ Yoast SEO plugin. -->","yoast_head_json":{"title":"Gym - Hotel Stad\u00eda Suites Qu\u00e9retaro","robots":{"index":"index","follow":"follow","max-snippet":"max-snippet:-1","max-image-preview":"max-image-preview:large","max-video-preview":"max-video-preview:-1"},"canonical":"https:\/\/stadiasuites.com\/queretaro\/gym-2\/","og_locale":"es_ES","og_type":"article","og_title":"Gym - Hotel Stad\u00eda Suites Qu\u00e9retaro","og_description":"MANTENGA SU RUTINA DURANTE EL VIAJE Nuestro gimnasio est\u00e1 equipado con todo lo que necesita para sentirse lo mejor posible.","og_url":"https:\/\/stadiasuites.com\/queretaro\/gym-2\/","og_site_name":"Hotel Stad\u00eda Suites Qu\u00e9retaro","article_modified_time":"2022-06-21T02:26:36+00:00","og_image":[{"width":2560,"height":1707,"url":"https:\/\/stadiasuites.com\/queretaro\/wp-content\/uploads\/sites\/2\/2022\/06\/IMAGEN-DESTACADA-GYM-scaled.jpg","type":"image\/jpeg"}],"twitter_card":"summary_large_image","twitter_misc":{"Tiempo de lectura":"1 minuto"},"schema":{"@context":"https:\/\/schema.org","@graph":[{"@type":"WebPage","@id":"https:\/\/stadiasuites.com\/queretaro\/gym-2\/","url":"https:\/\/stadiasuites.com\/queretaro\/gym-2\/","name":"Gym - Hotel Stad\u00eda Suites Qu\u00e9retaro","isPartOf":{"@id":"https:\/\/stadiasuites.com\/queretaro\/#website"},"primaryImageOfPage":{"@id":"https:\/\/stadiasuites.com\/queretaro\/gym-2\/#primaryimage"},"image":{"@id":"https:\/\/stadiasuites.com\/queretaro\/gym-2\/#primaryimage"},"thumbnailUrl":"https:\/\/stadiasuites.com\/queretaro\/wp-content\/uploads\/sites\/2\/2022\/06\/IMAGEN-DESTACADA-GYM-scaled.jpg","datePublished":"2019-01-22T18:02:41+00:00","dateModified":"2022-06-21T02:26:36+00:00","breadcrumb":{"@id":"https:\/\/stadiasuites.com\/queretaro\/gym-2\/#breadcrumb"},"inLanguage":"es","potentialAction":[{"@type":"ReadAction","target":["https:\/\/stadiasuites.com\/queretaro\/gym-2\/"]}]},{"@type":"ImageObject","inLanguage":"es","@id":"https:\/\/stadiasuites.com\/queretaro\/gym-2\/#primaryimage","url":"https:\/\/stadiasuites.com\/queretaro\/wp-content\/uploads\/sites\/2\/2022\/06\/IMAGEN-DESTACADA-GYM-scaled.jpg","contentUrl":"https:\/\/stadiasuites.com\/queretaro\/wp-content\/uploads\/sites\/2\/2022\/06\/IMAGEN-DESTACADA-GYM-scaled.jpg","width":2560,"height":1707},{"@type":"BreadcrumbList","@id":"https:\/\/stadiasuites.com\/queretaro\/gym-2\/#breadcrumb","itemListElement":[{"@type":"ListItem","position":1,"name":"Home","item":"https:\/\/stadiasuites.com\/queretaro\/"},{"@type":"ListItem","position":2,"name":"Gym"}]},{"@type":"WebSite","@id":"https:\/\/stadiasuites.com\/queretaro\/#website","url":"https:\/\/stadiasuites.com\/queretaro\/","name":"Hotel Stad\u00eda Suites Qu\u00e9retaro","description":"Hotel Stad\u00eda Suites Quer\u00e9taro","potentialAction":[{"@type":"SearchAction","target":{"@type":"EntryPoint","urlTemplate":"https:\/\/stadiasuites.com\/queretaro\/?s={search_term_string}"},"query-input":{"@type":"PropertyValueSpecification","valueRequired":true,"valueName":"search_term_string"}}],"inLanguage":"es"}]}},"_links":{"self":[{"href":"https:\/\/stadiasuites.com\/queretaro\/wp-json\/wp\/v2\/pages\/96","targetHints":{"allow":["GET"]}}],"collection":[{"href":"https:\/\/stadiasuites.com\/queretaro\/wp-json\/wp\/v2\/pages"}],"about":[{"href":"https:\/\/stadiasuites.com\/queretaro\/wp-json\/wp\/v2\/types\/page"}],"author":[{"embeddable":true,"href":"https:\/\/stadiasuites.com\/queretaro\/wp-json\/wp\/v2\/users\/1"}],"replies":[{"embeddable":true,"href":"https:\/\/stadiasuites.com\/queretaro\/wp-json\/wp\/v2\/comments?post=96"}],"version-history":[{"count":1,"href":"https:\/\/stadiasuites.com\/queretaro\/wp-json\/wp\/v2\/pages\/96\/revisions"}],"predecessor-version":[{"id":657,"href":"https:\/\/stadiasuites.com\/queretaro\/wp-json\/wp\/v2\/pages\/96\/revisions\/657"}],"wp:featuredmedia":[{"embeddable":true,"href":"https:\/\/stadiasuites.com\/queretaro\/wp-json\/wp\/v2\/media\/1109"}],"wp:attachment":[{"href":"https:\/\/stadiasuites.com\/queretaro\/wp-json\/wp\/v2\/media?parent=96"}],"curies":[{"name":"wp","href":"https:\/\/api.w.org\/{rel}","templated":true}]}}