{"id":956,"date":"2021-03-23T22:35:25","date_gmt":"2021-03-23T21:35:25","guid":{"rendered":"https:\/\/stadiasuites.com\/queretaro\/?page_id=956"},"modified":"2022-07-01T00:19:58","modified_gmt":"2022-06-30T22:19:58","slug":"amenities-2","status":"publish","type":"page","link":"https:\/\/stadiasuites.com\/queretaro\/en\/amenities-2\/","title":{"rendered":"Amenities"},"content":{"rendered":"\n<h2 class=\"wp-block-heading\">SURPRISING AND DELIGHTFUL EXTRAS <\/h2>\n\n\n\n<h3 style=\"color:#f16b31;font-size:24px\" class=\"has-text-color\">AT ANYTIME<\/h3>\n\n\n\n<p class=\"has-white-color has-text-color\">Stay in touch and productive with our <strong>high speed WiFi<\/strong> internet at no extra cost. <\/p>\n\n\n\n<p>Stay nourished, with our&nbsp;<strong>Chef Stay Kit<\/strong> (includes electric grill and cooking appliances).<\/p>\n\n\n\n<p>Stay relaxed with our <strong>Zen Kit<\/strong> or by enjoying one of our signature <strong>In Suite Massages<\/strong>.<\/p>\n\n\n\n<p>Stay fresh by making use of our self service <strong>Laundry Center <\/strong>or<strong> Dry Cleaning <\/strong>service.<strong>  &nbsp;<\/strong><\/p>\n\n\n\n<p>Stay active at our 24\/7 <em>Life Fitness<\/em> equipped <strong>GYM<\/strong>.<\/p>\n\n\n\n<p>Stay entertained by using our Smart TV&#8217;s with the main <strong>streaming platforms.<\/strong> <\/p>\n\n\n\n<p>Stay in the move by borrowing one of our <strong>Stad\u00eda Bikes.<\/strong><\/p>\n\n\n\n<p>Stay with your favorite travel companion, we are <strong>Pet-Friendly!<\/strong><\/p>\n\n\n\n<p>Stay connected at our <strong>coworking space<\/strong> at the Sunset Lounge and Terrace. <\/p>\n\n\n\n<p>Stay hydrated and environmentally conscious, with our <strong>complimentary water dispensers<\/strong> on every floor.<\/p>\n","protected":false},"excerpt":{"rendered":"<p>SURPRISING AND DELIGHTFUL EXTRAS AT ANYTIME Stay in touch and productive with our high speed WiFi internet at no extra cost. Stay nourished, with our&nbsp;Chef Stay Kit (includes electric grill and cooking appliances). Stay relaxed with our Zen Kit or by enjoying one of our signature In Suite Massages. Stay fresh by making use of [&hellip;]<\/p>\n","protected":false},"author":3,"featured_media":776,"parent":0,"menu_order":0,"comment_status":"closed","ping_status":"closed","template":"template-amenities.php","meta":{"footnotes":""},"class_list":["post-956","page","type-page","status-publish","has-post-thumbnail","hentry"],"yoast_head":"<!-- This site is optimized with the Yoast SEO plugin v26.8 - https:\/\/yoast.com\/product\/yoast-seo-wordpress\/ -->\n<title>Amenities - Hotel Stad\u00eda Suites Qu\u00e9retaro<\/title>\n<meta name=\"robots\" content=\"index, follow, max-snippet:-1, max-image-preview:large, max-video-preview:-1\" \/>\n<link rel=\"canonical\" href=\"https:\/\/stadiasuites.com\/queretaro\/en\/amenities-2\/\" \/>\n<meta property=\"og:locale\" content=\"es_ES\" \/>\n<meta property=\"og:type\" content=\"article\" \/>\n<meta property=\"og:title\" content=\"Amenities - Hotel Stad\u00eda Suites Qu\u00e9retaro\" \/>\n<meta property=\"og:description\" content=\"SURPRISING AND DELIGHTFUL EXTRAS AT ANYTIME Stay in touch and productive with our high speed WiFi internet at no extra cost. Stay nourished, with our&nbsp;Chef Stay Kit (includes electric grill and cooking appliances). Stay relaxed with our Zen Kit or by enjoying one of our signature In Suite Massages. Stay fresh by making use of [&hellip;]\" \/>\n<meta property=\"og:url\" content=\"https:\/\/stadiasuites.com\/queretaro\/en\/amenities-2\/\" \/>\n<meta property=\"og:site_name\" content=\"Hotel Stad\u00eda Suites Qu\u00e9retaro\" \/>\n<meta property=\"article:modified_time\" content=\"2022-06-30T22:19:58+00:00\" \/>\n<meta property=\"og:image\" content=\"https:\/\/stadiasuites.com\/queretaro\/wp-content\/uploads\/sites\/2\/2020\/12\/DSC_0759.jpg\" \/>\n\t<meta property=\"og:image:width\" content=\"1200\" \/>\n\t<meta property=\"og:image:height\" content=\"800\" \/>\n\t<meta property=\"og:image:type\" content=\"image\/jpeg\" \/>\n<meta name=\"twitter:card\" content=\"summary_large_image\" \/>\n<meta name=\"twitter:label1\" content=\"Tiempo de lectura\" \/>\n\t<meta name=\"twitter:data1\" content=\"1 minuto\" \/>\n<script type=\"application\/ld+json\" class=\"yoast-schema-graph\">{\"@context\":\"https:\/\/schema.org\",\"@graph\":[{\"@type\":\"WebPage\",\"@id\":\"https:\/\/stadiasuites.com\/queretaro\/en\/amenities-2\/\",\"url\":\"https:\/\/stadiasuites.com\/queretaro\/en\/amenities-2\/\",\"name\":\"Amenities - Hotel Stad\u00eda Suites Qu\u00e9retaro\",\"isPartOf\":{\"@id\":\"https:\/\/stadiasuites.com\/queretaro\/#website\"},\"primaryImageOfPage\":{\"@id\":\"https:\/\/stadiasuites.com\/queretaro\/en\/amenities-2\/#primaryimage\"},\"image\":{\"@id\":\"https:\/\/stadiasuites.com\/queretaro\/en\/amenities-2\/#primaryimage\"},\"thumbnailUrl\":\"https:\/\/stadiasuites.com\/queretaro\/wp-content\/uploads\/sites\/2\/2020\/12\/DSC_0759.jpg\",\"datePublished\":\"2021-03-23T21:35:25+00:00\",\"dateModified\":\"2022-06-30T22:19:58+00:00\",\"breadcrumb\":{\"@id\":\"https:\/\/stadiasuites.com\/queretaro\/en\/amenities-2\/#breadcrumb\"},\"inLanguage\":\"es\",\"potentialAction\":[{\"@type\":\"ReadAction\",\"target\":[\"https:\/\/stadiasuites.com\/queretaro\/en\/amenities-2\/\"]}]},{\"@type\":\"ImageObject\",\"inLanguage\":\"es\",\"@id\":\"https:\/\/stadiasuites.com\/queretaro\/en\/amenities-2\/#primaryimage\",\"url\":\"https:\/\/stadiasuites.com\/queretaro\/wp-content\/uploads\/sites\/2\/2020\/12\/DSC_0759.jpg\",\"contentUrl\":\"https:\/\/stadiasuites.com\/queretaro\/wp-content\/uploads\/sites\/2\/2020\/12\/DSC_0759.jpg\",\"width\":1200,\"height\":800},{\"@type\":\"BreadcrumbList\",\"@id\":\"https:\/\/stadiasuites.com\/queretaro\/en\/amenities-2\/#breadcrumb\",\"itemListElement\":[{\"@type\":\"ListItem\",\"position\":1,\"name\":\"Home\",\"item\":\"https:\/\/stadiasuites.com\/queretaro\/\"},{\"@type\":\"ListItem\",\"position\":2,\"name\":\"Amenities\"}]},{\"@type\":\"WebSite\",\"@id\":\"https:\/\/stadiasuites.com\/queretaro\/#website\",\"url\":\"https:\/\/stadiasuites.com\/queretaro\/\",\"name\":\"Hotel Stad\u00eda Suites Qu\u00e9retaro\",\"description\":\"Hotel Stad\u00eda Suites Quer\u00e9taro\",\"potentialAction\":[{\"@type\":\"SearchAction\",\"target\":{\"@type\":\"EntryPoint\",\"urlTemplate\":\"https:\/\/stadiasuites.com\/queretaro\/?s={search_term_string}\"},\"query-input\":{\"@type\":\"PropertyValueSpecification\",\"valueRequired\":true,\"valueName\":\"search_term_string\"}}],\"inLanguage\":\"es\"}]}<\/script>\n<!-- \/ Yoast SEO plugin. -->","yoast_head_json":{"title":"Amenities - Hotel Stad\u00eda Suites Qu\u00e9retaro","robots":{"index":"index","follow":"follow","max-snippet":"max-snippet:-1","max-image-preview":"max-image-preview:large","max-video-preview":"max-video-preview:-1"},"canonical":"https:\/\/stadiasuites.com\/queretaro\/en\/amenities-2\/","og_locale":"es_ES","og_type":"article","og_title":"Amenities - Hotel Stad\u00eda Suites Qu\u00e9retaro","og_description":"SURPRISING AND DELIGHTFUL EXTRAS AT ANYTIME Stay in touch and productive with our high speed WiFi internet at no extra cost. Stay nourished, with our&nbsp;Chef Stay Kit (includes electric grill and cooking appliances). Stay relaxed with our Zen Kit or by enjoying one of our signature In Suite Massages. Stay fresh by making use of [&hellip;]","og_url":"https:\/\/stadiasuites.com\/queretaro\/en\/amenities-2\/","og_site_name":"Hotel Stad\u00eda Suites Qu\u00e9retaro","article_modified_time":"2022-06-30T22:19:58+00:00","og_image":[{"width":1200,"height":800,"url":"https:\/\/stadiasuites.com\/queretaro\/wp-content\/uploads\/sites\/2\/2020\/12\/DSC_0759.jpg","type":"image\/jpeg"}],"twitter_card":"summary_large_image","twitter_misc":{"Tiempo de lectura":"1 minuto"},"schema":{"@context":"https:\/\/schema.org","@graph":[{"@type":"WebPage","@id":"https:\/\/stadiasuites.com\/queretaro\/en\/amenities-2\/","url":"https:\/\/stadiasuites.com\/queretaro\/en\/amenities-2\/","name":"Amenities - Hotel Stad\u00eda Suites Qu\u00e9retaro","isPartOf":{"@id":"https:\/\/stadiasuites.com\/queretaro\/#website"},"primaryImageOfPage":{"@id":"https:\/\/stadiasuites.com\/queretaro\/en\/amenities-2\/#primaryimage"},"image":{"@id":"https:\/\/stadiasuites.com\/queretaro\/en\/amenities-2\/#primaryimage"},"thumbnailUrl":"https:\/\/stadiasuites.com\/queretaro\/wp-content\/uploads\/sites\/2\/2020\/12\/DSC_0759.jpg","datePublished":"2021-03-23T21:35:25+00:00","dateModified":"2022-06-30T22:19:58+00:00","breadcrumb":{"@id":"https:\/\/stadiasuites.com\/queretaro\/en\/amenities-2\/#breadcrumb"},"inLanguage":"es","potentialAction":[{"@type":"ReadAction","target":["https:\/\/stadiasuites.com\/queretaro\/en\/amenities-2\/"]}]},{"@type":"ImageObject","inLanguage":"es","@id":"https:\/\/stadiasuites.com\/queretaro\/en\/amenities-2\/#primaryimage","url":"https:\/\/stadiasuites.com\/queretaro\/wp-content\/uploads\/sites\/2\/2020\/12\/DSC_0759.jpg","contentUrl":"https:\/\/stadiasuites.com\/queretaro\/wp-content\/uploads\/sites\/2\/2020\/12\/DSC_0759.jpg","width":1200,"height":800},{"@type":"BreadcrumbList","@id":"https:\/\/stadiasuites.com\/queretaro\/en\/amenities-2\/#breadcrumb","itemListElement":[{"@type":"ListItem","position":1,"name":"Home","item":"https:\/\/stadiasuites.com\/queretaro\/"},{"@type":"ListItem","position":2,"name":"Amenities"}]},{"@type":"WebSite","@id":"https:\/\/stadiasuites.com\/queretaro\/#website","url":"https:\/\/stadiasuites.com\/queretaro\/","name":"Hotel Stad\u00eda Suites Qu\u00e9retaro","description":"Hotel Stad\u00eda Suites Quer\u00e9taro","potentialAction":[{"@type":"SearchAction","target":{"@type":"EntryPoint","urlTemplate":"https:\/\/stadiasuites.com\/queretaro\/?s={search_term_string}"},"query-input":{"@type":"PropertyValueSpecification","valueRequired":true,"valueName":"search_term_string"}}],"inLanguage":"es"}]}},"_links":{"self":[{"href":"https:\/\/stadiasuites.com\/queretaro\/wp-json\/wp\/v2\/pages\/956","targetHints":{"allow":["GET"]}}],"collection":[{"href":"https:\/\/stadiasuites.com\/queretaro\/wp-json\/wp\/v2\/pages"}],"about":[{"href":"https:\/\/stadiasuites.com\/queretaro\/wp-json\/wp\/v2\/types\/page"}],"author":[{"embeddable":true,"href":"https:\/\/stadiasuites.com\/queretaro\/wp-json\/wp\/v2\/users\/3"}],"replies":[{"embeddable":true,"href":"https:\/\/stadiasuites.com\/queretaro\/wp-json\/wp\/v2\/comments?post=956"}],"version-history":[{"count":8,"href":"https:\/\/stadiasuites.com\/queretaro\/wp-json\/wp\/v2\/pages\/956\/revisions"}],"predecessor-version":[{"id":1206,"href":"https:\/\/stadiasuites.com\/queretaro\/wp-json\/wp\/v2\/pages\/956\/revisions\/1206"}],"wp:featuredmedia":[{"embeddable":true,"href":"https:\/\/stadiasuites.com\/queretaro\/wp-json\/wp\/v2\/media\/776"}],"wp:attachment":[{"href":"https:\/\/stadiasuites.com\/queretaro\/wp-json\/wp\/v2\/media?parent=956"}],"curies":[{"name":"wp","href":"https:\/\/api.w.org\/{rel}","templated":true}]}}