{"id":944,"date":"2021-03-23T21:05:32","date_gmt":"2021-03-23T20:05:32","guid":{"rendered":"https:\/\/stadiasuites.com\/queretaro\/?page_id=944"},"modified":"2022-12-27T23:09:36","modified_gmt":"2022-12-27T22:09:36","slug":"map","status":"publish","type":"page","link":"https:\/\/stadiasuites.com\/queretaro\/en\/map\/","title":{"rendered":"Location &amp; Contact"},"content":{"rendered":"\n<h2 class=\"wp-block-heading\">THE PERFECT LOCATION<\/h2>\n\n\n\n<h2 style=\"color: #f16b31\"> AT QUER\u00c9TARO <\/h2>\n\n\n\n<p>The hotel is located within Ubika Universidad shopping center.<\/p>\n\n\n\n<p><\/p>\n","protected":false},"excerpt":{"rendered":"<p>THE PERFECT LOCATION AT QUER\u00c9TARO The hotel is located within Ubika Universidad shopping center.<\/p>\n","protected":false},"author":3,"featured_media":0,"parent":0,"menu_order":0,"comment_status":"closed","ping_status":"closed","template":"template-contact.php","meta":{"footnotes":""},"class_list":["post-944","page","type-page","status-publish","hentry"],"yoast_head":"<!-- This site is optimized with the Yoast SEO plugin v26.8 - https:\/\/yoast.com\/product\/yoast-seo-wordpress\/ -->\n<title>Location &amp; Contact - Hotel Stad\u00eda Suites Qu\u00e9retaro<\/title>\n<meta name=\"robots\" content=\"index, follow, max-snippet:-1, max-image-preview:large, max-video-preview:-1\" \/>\n<link rel=\"canonical\" href=\"https:\/\/stadiasuites.com\/queretaro\/en\/map\/\" \/>\n<meta property=\"og:locale\" content=\"es_ES\" \/>\n<meta property=\"og:type\" content=\"article\" \/>\n<meta property=\"og:title\" content=\"Location &amp; Contact - Hotel Stad\u00eda Suites Qu\u00e9retaro\" \/>\n<meta property=\"og:description\" content=\"THE PERFECT LOCATION AT QUER\u00c9TARO The hotel is located within Ubika Universidad shopping center.\" \/>\n<meta property=\"og:url\" content=\"https:\/\/stadiasuites.com\/queretaro\/en\/map\/\" \/>\n<meta property=\"og:site_name\" content=\"Hotel Stad\u00eda Suites Qu\u00e9retaro\" \/>\n<meta property=\"article:modified_time\" content=\"2022-12-27T22:09:36+00:00\" \/>\n<meta name=\"twitter:card\" content=\"summary_large_image\" \/>\n<meta name=\"twitter:label1\" content=\"Tiempo de lectura\" \/>\n\t<meta name=\"twitter:data1\" content=\"1 minuto\" \/>\n<script type=\"application\/ld+json\" class=\"yoast-schema-graph\">{\"@context\":\"https:\/\/schema.org\",\"@graph\":[{\"@type\":\"WebPage\",\"@id\":\"https:\/\/stadiasuites.com\/queretaro\/en\/map\/\",\"url\":\"https:\/\/stadiasuites.com\/queretaro\/en\/map\/\",\"name\":\"Location &amp; Contact - Hotel Stad\u00eda Suites Qu\u00e9retaro\",\"isPartOf\":{\"@id\":\"https:\/\/stadiasuites.com\/queretaro\/#website\"},\"datePublished\":\"2021-03-23T20:05:32+00:00\",\"dateModified\":\"2022-12-27T22:09:36+00:00\",\"breadcrumb\":{\"@id\":\"https:\/\/stadiasuites.com\/queretaro\/en\/map\/#breadcrumb\"},\"inLanguage\":\"es\",\"potentialAction\":[{\"@type\":\"ReadAction\",\"target\":[\"https:\/\/stadiasuites.com\/queretaro\/en\/map\/\"]}]},{\"@type\":\"BreadcrumbList\",\"@id\":\"https:\/\/stadiasuites.com\/queretaro\/en\/map\/#breadcrumb\",\"itemListElement\":[{\"@type\":\"ListItem\",\"position\":1,\"name\":\"Home\",\"item\":\"https:\/\/stadiasuites.com\/queretaro\/\"},{\"@type\":\"ListItem\",\"position\":2,\"name\":\"Location &amp; Contact\"}]},{\"@type\":\"WebSite\",\"@id\":\"https:\/\/stadiasuites.com\/queretaro\/#website\",\"url\":\"https:\/\/stadiasuites.com\/queretaro\/\",\"name\":\"Hotel Stad\u00eda Suites Qu\u00e9retaro\",\"description\":\"Hotel Stad\u00eda Suites Quer\u00e9taro\",\"potentialAction\":[{\"@type\":\"SearchAction\",\"target\":{\"@type\":\"EntryPoint\",\"urlTemplate\":\"https:\/\/stadiasuites.com\/queretaro\/?s={search_term_string}\"},\"query-input\":{\"@type\":\"PropertyValueSpecification\",\"valueRequired\":true,\"valueName\":\"search_term_string\"}}],\"inLanguage\":\"es\"}]}<\/script>\n<!-- \/ Yoast SEO plugin. -->","yoast_head_json":{"title":"Location &amp; Contact - Hotel Stad\u00eda Suites Qu\u00e9retaro","robots":{"index":"index","follow":"follow","max-snippet":"max-snippet:-1","max-image-preview":"max-image-preview:large","max-video-preview":"max-video-preview:-1"},"canonical":"https:\/\/stadiasuites.com\/queretaro\/en\/map\/","og_locale":"es_ES","og_type":"article","og_title":"Location &amp; Contact - Hotel Stad\u00eda Suites Qu\u00e9retaro","og_description":"THE PERFECT LOCATION AT QUER\u00c9TARO The hotel is located within Ubika Universidad shopping center.","og_url":"https:\/\/stadiasuites.com\/queretaro\/en\/map\/","og_site_name":"Hotel Stad\u00eda Suites Qu\u00e9retaro","article_modified_time":"2022-12-27T22:09:36+00:00","twitter_card":"summary_large_image","twitter_misc":{"Tiempo de lectura":"1 minuto"},"schema":{"@context":"https:\/\/schema.org","@graph":[{"@type":"WebPage","@id":"https:\/\/stadiasuites.com\/queretaro\/en\/map\/","url":"https:\/\/stadiasuites.com\/queretaro\/en\/map\/","name":"Location &amp; Contact - Hotel Stad\u00eda Suites Qu\u00e9retaro","isPartOf":{"@id":"https:\/\/stadiasuites.com\/queretaro\/#website"},"datePublished":"2021-03-23T20:05:32+00:00","dateModified":"2022-12-27T22:09:36+00:00","breadcrumb":{"@id":"https:\/\/stadiasuites.com\/queretaro\/en\/map\/#breadcrumb"},"inLanguage":"es","potentialAction":[{"@type":"ReadAction","target":["https:\/\/stadiasuites.com\/queretaro\/en\/map\/"]}]},{"@type":"BreadcrumbList","@id":"https:\/\/stadiasuites.com\/queretaro\/en\/map\/#breadcrumb","itemListElement":[{"@type":"ListItem","position":1,"name":"Home","item":"https:\/\/stadiasuites.com\/queretaro\/"},{"@type":"ListItem","position":2,"name":"Location &amp; Contact"}]},{"@type":"WebSite","@id":"https:\/\/stadiasuites.com\/queretaro\/#website","url":"https:\/\/stadiasuites.com\/queretaro\/","name":"Hotel Stad\u00eda Suites Qu\u00e9retaro","description":"Hotel Stad\u00eda Suites Quer\u00e9taro","potentialAction":[{"@type":"SearchAction","target":{"@type":"EntryPoint","urlTemplate":"https:\/\/stadiasuites.com\/queretaro\/?s={search_term_string}"},"query-input":{"@type":"PropertyValueSpecification","valueRequired":true,"valueName":"search_term_string"}}],"inLanguage":"es"}]}},"_links":{"self":[{"href":"https:\/\/stadiasuites.com\/queretaro\/wp-json\/wp\/v2\/pages\/944","targetHints":{"allow":["GET"]}}],"collection":[{"href":"https:\/\/stadiasuites.com\/queretaro\/wp-json\/wp\/v2\/pages"}],"about":[{"href":"https:\/\/stadiasuites.com\/queretaro\/wp-json\/wp\/v2\/types\/page"}],"author":[{"embeddable":true,"href":"https:\/\/stadiasuites.com\/queretaro\/wp-json\/wp\/v2\/users\/3"}],"replies":[{"embeddable":true,"href":"https:\/\/stadiasuites.com\/queretaro\/wp-json\/wp\/v2\/comments?post=944"}],"version-history":[{"count":6,"href":"https:\/\/stadiasuites.com\/queretaro\/wp-json\/wp\/v2\/pages\/944\/revisions"}],"predecessor-version":[{"id":1209,"href":"https:\/\/stadiasuites.com\/queretaro\/wp-json\/wp\/v2\/pages\/944\/revisions\/1209"}],"wp:attachment":[{"href":"https:\/\/stadiasuites.com\/queretaro\/wp-json\/wp\/v2\/media?parent=944"}],"curies":[{"name":"wp","href":"https:\/\/api.w.org\/{rel}","templated":true}]}}