{"id":937,"date":"2021-03-23T20:59:44","date_gmt":"2021-03-23T19:59:44","guid":{"rendered":"https:\/\/stadiasuites.com\/queretaro\/?page_id=937"},"modified":"2022-10-05T18:09:14","modified_gmt":"2022-10-05T16:09:14","slug":"meetings","status":"publish","type":"page","link":"https:\/\/stadiasuites.com\/queretaro\/en\/meetings\/","title":{"rendered":"Meetings &amp; Events"},"content":{"rendered":"\n<h2 class=\"wp-block-heading\"> THE PERFECT VENUE <span style=\"color:#f16b31\">FOR YOUR EVENTS<\/span><\/h2>\n\n\n\n<p>Our meeting space which includes a terrace with stunning sunsets,                                                                                  is the perfect place for your professional get togethers and social events of all kinds.                                               Our group of experts will help you plan your event from beginning to end,                                                             taking maximum care of every detail.                                                                                                                                Tell us more of what you are planning and our team will turn your dreams into reality.<\/p>\n\n\n\n<p>Spectacular events, made easy.<br><\/p>\n\n\n\n<p><\/p>\n\n\n\n<p><\/p>\n","protected":false},"excerpt":{"rendered":"<p>THE PERFECT VENUE FOR YOUR EVENTS Our meeting space which includes a terrace with stunning sunsets, is the perfect place for your professional get togethers and social events of all kinds. Our group of experts will help you plan your event from beginning to end, taking maximum care of every detail. Tell us more of [&hellip;]<\/p>\n","protected":false},"author":3,"featured_media":1134,"parent":0,"menu_order":0,"comment_status":"closed","ping_status":"closed","template":"template-amenities.php","meta":{"footnotes":""},"class_list":["post-937","page","type-page","status-publish","has-post-thumbnail","hentry"],"yoast_head":"<!-- This site is optimized with the Yoast SEO plugin v26.8 - https:\/\/yoast.com\/product\/yoast-seo-wordpress\/ -->\n<title>Meetings &amp; Events - Hotel Stad\u00eda Suites Qu\u00e9retaro<\/title>\n<meta name=\"robots\" content=\"index, follow, max-snippet:-1, max-image-preview:large, max-video-preview:-1\" \/>\n<link rel=\"canonical\" href=\"https:\/\/stadiasuites.com\/queretaro\/en\/meetings\/\" \/>\n<meta property=\"og:locale\" content=\"es_ES\" \/>\n<meta property=\"og:type\" content=\"article\" \/>\n<meta property=\"og:title\" content=\"Meetings &amp; Events - Hotel Stad\u00eda Suites Qu\u00e9retaro\" \/>\n<meta property=\"og:description\" content=\"THE PERFECT VENUE FOR YOUR EVENTS Our meeting space which includes a terrace with stunning sunsets, is the perfect place for your professional get togethers and social events of all kinds. Our group of experts will help you plan your event from beginning to end, taking maximum care of every detail. Tell us more of [&hellip;]\" \/>\n<meta property=\"og:url\" content=\"https:\/\/stadiasuites.com\/queretaro\/en\/meetings\/\" \/>\n<meta property=\"og:site_name\" content=\"Hotel Stad\u00eda Suites Qu\u00e9retaro\" \/>\n<meta property=\"article:modified_time\" content=\"2022-10-05T16:09:14+00:00\" \/>\n<meta property=\"og:image\" content=\"https:\/\/stadiasuites.com\/queretaro\/wp-content\/uploads\/sites\/2\/2022\/06\/1-scaled-e1655848362647.jpg\" \/>\n\t<meta property=\"og:image:width\" content=\"2560\" \/>\n\t<meta property=\"og:image:height\" content=\"1189\" \/>\n\t<meta property=\"og:image:type\" content=\"image\/jpeg\" \/>\n<meta name=\"twitter:card\" content=\"summary_large_image\" \/>\n<meta name=\"twitter:label1\" content=\"Tiempo de lectura\" \/>\n\t<meta name=\"twitter:data1\" content=\"1 minuto\" \/>\n<script type=\"application\/ld+json\" class=\"yoast-schema-graph\">{\"@context\":\"https:\/\/schema.org\",\"@graph\":[{\"@type\":\"WebPage\",\"@id\":\"https:\/\/stadiasuites.com\/queretaro\/en\/meetings\/\",\"url\":\"https:\/\/stadiasuites.com\/queretaro\/en\/meetings\/\",\"name\":\"Meetings &amp; Events - Hotel Stad\u00eda Suites Qu\u00e9retaro\",\"isPartOf\":{\"@id\":\"https:\/\/stadiasuites.com\/queretaro\/#website\"},\"primaryImageOfPage\":{\"@id\":\"https:\/\/stadiasuites.com\/queretaro\/en\/meetings\/#primaryimage\"},\"image\":{\"@id\":\"https:\/\/stadiasuites.com\/queretaro\/en\/meetings\/#primaryimage\"},\"thumbnailUrl\":\"https:\/\/stadiasuites.com\/queretaro\/wp-content\/uploads\/sites\/2\/2022\/06\/1-scaled-e1655848362647.jpg\",\"datePublished\":\"2021-03-23T19:59:44+00:00\",\"dateModified\":\"2022-10-05T16:09:14+00:00\",\"breadcrumb\":{\"@id\":\"https:\/\/stadiasuites.com\/queretaro\/en\/meetings\/#breadcrumb\"},\"inLanguage\":\"es\",\"potentialAction\":[{\"@type\":\"ReadAction\",\"target\":[\"https:\/\/stadiasuites.com\/queretaro\/en\/meetings\/\"]}]},{\"@type\":\"ImageObject\",\"inLanguage\":\"es\",\"@id\":\"https:\/\/stadiasuites.com\/queretaro\/en\/meetings\/#primaryimage\",\"url\":\"https:\/\/stadiasuites.com\/queretaro\/wp-content\/uploads\/sites\/2\/2022\/06\/1-scaled-e1655848362647.jpg\",\"contentUrl\":\"https:\/\/stadiasuites.com\/queretaro\/wp-content\/uploads\/sites\/2\/2022\/06\/1-scaled-e1655848362647.jpg\",\"width\":2560,\"height\":1189},{\"@type\":\"BreadcrumbList\",\"@id\":\"https:\/\/stadiasuites.com\/queretaro\/en\/meetings\/#breadcrumb\",\"itemListElement\":[{\"@type\":\"ListItem\",\"position\":1,\"name\":\"Home\",\"item\":\"https:\/\/stadiasuites.com\/queretaro\/\"},{\"@type\":\"ListItem\",\"position\":2,\"name\":\"Meetings &amp; Events\"}]},{\"@type\":\"WebSite\",\"@id\":\"https:\/\/stadiasuites.com\/queretaro\/#website\",\"url\":\"https:\/\/stadiasuites.com\/queretaro\/\",\"name\":\"Hotel Stad\u00eda Suites Qu\u00e9retaro\",\"description\":\"Hotel Stad\u00eda Suites Quer\u00e9taro\",\"potentialAction\":[{\"@type\":\"SearchAction\",\"target\":{\"@type\":\"EntryPoint\",\"urlTemplate\":\"https:\/\/stadiasuites.com\/queretaro\/?s={search_term_string}\"},\"query-input\":{\"@type\":\"PropertyValueSpecification\",\"valueRequired\":true,\"valueName\":\"search_term_string\"}}],\"inLanguage\":\"es\"}]}<\/script>\n<!-- \/ Yoast SEO plugin. -->","yoast_head_json":{"title":"Meetings &amp; Events - Hotel Stad\u00eda Suites Qu\u00e9retaro","robots":{"index":"index","follow":"follow","max-snippet":"max-snippet:-1","max-image-preview":"max-image-preview:large","max-video-preview":"max-video-preview:-1"},"canonical":"https:\/\/stadiasuites.com\/queretaro\/en\/meetings\/","og_locale":"es_ES","og_type":"article","og_title":"Meetings &amp; Events - Hotel Stad\u00eda Suites Qu\u00e9retaro","og_description":"THE PERFECT VENUE FOR YOUR EVENTS Our meeting space which includes a terrace with stunning sunsets, is the perfect place for your professional get togethers and social events of all kinds. Our group of experts will help you plan your event from beginning to end, taking maximum care of every detail. Tell us more of [&hellip;]","og_url":"https:\/\/stadiasuites.com\/queretaro\/en\/meetings\/","og_site_name":"Hotel Stad\u00eda Suites Qu\u00e9retaro","article_modified_time":"2022-10-05T16:09:14+00:00","og_image":[{"width":2560,"height":1189,"url":"https:\/\/stadiasuites.com\/queretaro\/wp-content\/uploads\/sites\/2\/2022\/06\/1-scaled-e1655848362647.jpg","type":"image\/jpeg"}],"twitter_card":"summary_large_image","twitter_misc":{"Tiempo de lectura":"1 minuto"},"schema":{"@context":"https:\/\/schema.org","@graph":[{"@type":"WebPage","@id":"https:\/\/stadiasuites.com\/queretaro\/en\/meetings\/","url":"https:\/\/stadiasuites.com\/queretaro\/en\/meetings\/","name":"Meetings &amp; Events - Hotel Stad\u00eda Suites Qu\u00e9retaro","isPartOf":{"@id":"https:\/\/stadiasuites.com\/queretaro\/#website"},"primaryImageOfPage":{"@id":"https:\/\/stadiasuites.com\/queretaro\/en\/meetings\/#primaryimage"},"image":{"@id":"https:\/\/stadiasuites.com\/queretaro\/en\/meetings\/#primaryimage"},"thumbnailUrl":"https:\/\/stadiasuites.com\/queretaro\/wp-content\/uploads\/sites\/2\/2022\/06\/1-scaled-e1655848362647.jpg","datePublished":"2021-03-23T19:59:44+00:00","dateModified":"2022-10-05T16:09:14+00:00","breadcrumb":{"@id":"https:\/\/stadiasuites.com\/queretaro\/en\/meetings\/#breadcrumb"},"inLanguage":"es","potentialAction":[{"@type":"ReadAction","target":["https:\/\/stadiasuites.com\/queretaro\/en\/meetings\/"]}]},{"@type":"ImageObject","inLanguage":"es","@id":"https:\/\/stadiasuites.com\/queretaro\/en\/meetings\/#primaryimage","url":"https:\/\/stadiasuites.com\/queretaro\/wp-content\/uploads\/sites\/2\/2022\/06\/1-scaled-e1655848362647.jpg","contentUrl":"https:\/\/stadiasuites.com\/queretaro\/wp-content\/uploads\/sites\/2\/2022\/06\/1-scaled-e1655848362647.jpg","width":2560,"height":1189},{"@type":"BreadcrumbList","@id":"https:\/\/stadiasuites.com\/queretaro\/en\/meetings\/#breadcrumb","itemListElement":[{"@type":"ListItem","position":1,"name":"Home","item":"https:\/\/stadiasuites.com\/queretaro\/"},{"@type":"ListItem","position":2,"name":"Meetings &amp; Events"}]},{"@type":"WebSite","@id":"https:\/\/stadiasuites.com\/queretaro\/#website","url":"https:\/\/stadiasuites.com\/queretaro\/","name":"Hotel Stad\u00eda Suites Qu\u00e9retaro","description":"Hotel Stad\u00eda Suites Quer\u00e9taro","potentialAction":[{"@type":"SearchAction","target":{"@type":"EntryPoint","urlTemplate":"https:\/\/stadiasuites.com\/queretaro\/?s={search_term_string}"},"query-input":{"@type":"PropertyValueSpecification","valueRequired":true,"valueName":"search_term_string"}}],"inLanguage":"es"}]}},"_links":{"self":[{"href":"https:\/\/stadiasuites.com\/queretaro\/wp-json\/wp\/v2\/pages\/937","targetHints":{"allow":["GET"]}}],"collection":[{"href":"https:\/\/stadiasuites.com\/queretaro\/wp-json\/wp\/v2\/pages"}],"about":[{"href":"https:\/\/stadiasuites.com\/queretaro\/wp-json\/wp\/v2\/types\/page"}],"author":[{"embeddable":true,"href":"https:\/\/stadiasuites.com\/queretaro\/wp-json\/wp\/v2\/users\/3"}],"replies":[{"embeddable":true,"href":"https:\/\/stadiasuites.com\/queretaro\/wp-json\/wp\/v2\/comments?post=937"}],"version-history":[{"count":11,"href":"https:\/\/stadiasuites.com\/queretaro\/wp-json\/wp\/v2\/pages\/937\/revisions"}],"predecessor-version":[{"id":1193,"href":"https:\/\/stadiasuites.com\/queretaro\/wp-json\/wp\/v2\/pages\/937\/revisions\/1193"}],"wp:featuredmedia":[{"embeddable":true,"href":"https:\/\/stadiasuites.com\/queretaro\/wp-json\/wp\/v2\/media\/1134"}],"wp:attachment":[{"href":"https:\/\/stadiasuites.com\/queretaro\/wp-json\/wp\/v2\/media?parent=937"}],"curies":[{"name":"wp","href":"https:\/\/api.w.org\/{rel}","templated":true}]}}