{"id":93,"date":"2019-01-22T00:11:09","date_gmt":"2019-01-22T00:11:09","guid":{"rendered":"https:\/\/stadia.g4adev.net\/www\/?page_id=93"},"modified":"2024-01-29T20:44:49","modified_gmt":"2024-01-29T19:44:49","slug":"amenities","status":"publish","type":"page","link":"https:\/\/stadiasuites.com\/queretaro\/amenities\/","title":{"rendered":"Amenidades Stad\u00eda"},"content":{"rendered":"\n<h2 class=\"wp-block-heading\">TODO LO QUE QUIERA, EN CUALQUIER <\/h2>\n\n\n\n<h3 style=\"color:#f16b31;font-size:24px\" class=\"has-text-color\">MOMENTO QUE LO NECESITE <\/h3>\n\n\n\n<p><strong>Amenidades<\/strong> y <strong>espacios<\/strong> que crean experiencias <strong>extraordinarias<\/strong>. <\/p>\n\n\n\n<p><strong>Habitaciones Equipadas<\/strong> con <strong>microondas<\/strong>, refrigerador <strong>frigobar<\/strong>, <strong>Smart TV<\/strong>, <strong>espejo iluminado<\/strong>, amenidades, caja de seguridad, secadora, <strong>internet<\/strong> de alta velocidad, escritorio, contactos <strong>usb<\/strong>, silla de trabajo. Adicional solicita, cafetera, <strong>parrilla de inducci\u00f3n<\/strong>, licuadora, loza y plaqu\u00e9, <strong>difusor de aceites<\/strong> esenciales, tapete de<strong> yoga<\/strong>, sin costo extra. <\/p>\n\n\n\n<p>Dispensadores de <strong>agua purificada<\/strong> en cada pasillo. <\/p>\n\n\n\n<p><strong>Desayuno<\/strong> buffet express<\/p>\n\n\n\n<p><strong>Terraza<\/strong><\/p>\n\n\n\n<p><strong>Centro de Lavado <\/strong><\/p>\n\n\n\n<p><strong>Gimnasio <\/strong>Equipado 24\/7<\/p>\n\n\n\n<p><strong>Sal\u00f3n de eventos con terraza. <\/strong><\/p>\n\n\n\n<p>Piso <strong>Pet Friendly<\/strong> y \u00e1rea de descanso para mascotas en terraza<\/p>\n\n\n\n<p><strong>Estacionamiento<\/strong> Techado<\/p>\n\n\n\n<p><strong>Plaza Comercial <\/strong>Ubika Universidad, con opciones variadas de restaurantes y servicios, entre ellas Toks, Starbucks y Oxxo. <\/p>\n\n\n\n<p> <\/p>\n","protected":false},"excerpt":{"rendered":"<p>TODO LO QUE QUIERA, EN CUALQUIER MOMENTO QUE LO NECESITE Amenidades y espacios que crean experiencias extraordinarias. Habitaciones Equipadas con microondas, refrigerador frigobar, Smart TV, espejo iluminado, amenidades, caja de seguridad, secadora, internet de alta velocidad, escritorio, contactos usb, silla de trabajo. Adicional solicita, cafetera, parrilla de inducci\u00f3n, licuadora, loza y plaqu\u00e9, difusor de aceites [&hellip;]<\/p>\n","protected":false},"author":1,"featured_media":1143,"parent":0,"menu_order":0,"comment_status":"closed","ping_status":"closed","template":"template-amenities.php","meta":{"footnotes":""},"class_list":["post-93","page","type-page","status-publish","has-post-thumbnail","hentry"],"yoast_head":"<!-- This site is optimized with the Yoast SEO plugin v26.8 - https:\/\/yoast.com\/product\/yoast-seo-wordpress\/ -->\n<title>Amenidades Stad\u00eda - Hotel Stad\u00eda Suites Qu\u00e9retaro<\/title>\n<meta name=\"robots\" content=\"index, follow, max-snippet:-1, max-image-preview:large, max-video-preview:-1\" \/>\n<link rel=\"canonical\" href=\"https:\/\/stadiasuites.com\/queretaro\/amenities\/\" \/>\n<meta property=\"og:locale\" content=\"es_ES\" \/>\n<meta property=\"og:type\" content=\"article\" \/>\n<meta property=\"og:title\" content=\"Amenidades Stad\u00eda - Hotel Stad\u00eda Suites Qu\u00e9retaro\" \/>\n<meta property=\"og:description\" content=\"TODO LO QUE QUIERA, EN CUALQUIER MOMENTO QUE LO NECESITE Amenidades y espacios que crean experiencias extraordinarias. Habitaciones Equipadas con microondas, refrigerador frigobar, Smart TV, espejo iluminado, amenidades, caja de seguridad, secadora, internet de alta velocidad, escritorio, contactos usb, silla de trabajo. Adicional solicita, cafetera, parrilla de inducci\u00f3n, licuadora, loza y plaqu\u00e9, difusor de aceites [&hellip;]\" \/>\n<meta property=\"og:url\" content=\"https:\/\/stadiasuites.com\/queretaro\/amenities\/\" \/>\n<meta property=\"og:site_name\" content=\"Hotel Stad\u00eda Suites Qu\u00e9retaro\" \/>\n<meta property=\"article:modified_time\" content=\"2024-01-29T19:44:49+00:00\" \/>\n<meta property=\"og:image\" content=\"https:\/\/stadiasuites.com\/queretaro\/wp-content\/uploads\/sites\/2\/2022\/06\/42-scaled.jpg\" \/>\n\t<meta property=\"og:image:width\" content=\"2560\" \/>\n\t<meta property=\"og:image:height\" content=\"1707\" \/>\n\t<meta property=\"og:image:type\" content=\"image\/jpeg\" \/>\n<meta name=\"twitter:card\" content=\"summary_large_image\" \/>\n<meta name=\"twitter:label1\" content=\"Tiempo de lectura\" \/>\n\t<meta name=\"twitter:data1\" content=\"1 minuto\" \/>\n<script type=\"application\/ld+json\" class=\"yoast-schema-graph\">{\"@context\":\"https:\/\/schema.org\",\"@graph\":[{\"@type\":\"WebPage\",\"@id\":\"https:\/\/stadiasuites.com\/queretaro\/amenities\/\",\"url\":\"https:\/\/stadiasuites.com\/queretaro\/amenities\/\",\"name\":\"Amenidades Stad\u00eda - Hotel Stad\u00eda Suites Qu\u00e9retaro\",\"isPartOf\":{\"@id\":\"https:\/\/stadiasuites.com\/queretaro\/#website\"},\"primaryImageOfPage\":{\"@id\":\"https:\/\/stadiasuites.com\/queretaro\/amenities\/#primaryimage\"},\"image\":{\"@id\":\"https:\/\/stadiasuites.com\/queretaro\/amenities\/#primaryimage\"},\"thumbnailUrl\":\"https:\/\/stadiasuites.com\/queretaro\/wp-content\/uploads\/sites\/2\/2022\/06\/42-scaled.jpg\",\"datePublished\":\"2019-01-22T00:11:09+00:00\",\"dateModified\":\"2024-01-29T19:44:49+00:00\",\"breadcrumb\":{\"@id\":\"https:\/\/stadiasuites.com\/queretaro\/amenities\/#breadcrumb\"},\"inLanguage\":\"es\",\"potentialAction\":[{\"@type\":\"ReadAction\",\"target\":[\"https:\/\/stadiasuites.com\/queretaro\/amenities\/\"]}]},{\"@type\":\"ImageObject\",\"inLanguage\":\"es\",\"@id\":\"https:\/\/stadiasuites.com\/queretaro\/amenities\/#primaryimage\",\"url\":\"https:\/\/stadiasuites.com\/queretaro\/wp-content\/uploads\/sites\/2\/2022\/06\/42-scaled.jpg\",\"contentUrl\":\"https:\/\/stadiasuites.com\/queretaro\/wp-content\/uploads\/sites\/2\/2022\/06\/42-scaled.jpg\",\"width\":2560,\"height\":1707},{\"@type\":\"BreadcrumbList\",\"@id\":\"https:\/\/stadiasuites.com\/queretaro\/amenities\/#breadcrumb\",\"itemListElement\":[{\"@type\":\"ListItem\",\"position\":1,\"name\":\"Home\",\"item\":\"https:\/\/stadiasuites.com\/queretaro\/\"},{\"@type\":\"ListItem\",\"position\":2,\"name\":\"Amenidades Stad\u00eda\"}]},{\"@type\":\"WebSite\",\"@id\":\"https:\/\/stadiasuites.com\/queretaro\/#website\",\"url\":\"https:\/\/stadiasuites.com\/queretaro\/\",\"name\":\"Hotel Stad\u00eda Suites Qu\u00e9retaro\",\"description\":\"Hotel Stad\u00eda Suites Quer\u00e9taro\",\"potentialAction\":[{\"@type\":\"SearchAction\",\"target\":{\"@type\":\"EntryPoint\",\"urlTemplate\":\"https:\/\/stadiasuites.com\/queretaro\/?s={search_term_string}\"},\"query-input\":{\"@type\":\"PropertyValueSpecification\",\"valueRequired\":true,\"valueName\":\"search_term_string\"}}],\"inLanguage\":\"es\"}]}<\/script>\n<!-- \/ Yoast SEO plugin. -->","yoast_head_json":{"title":"Amenidades Stad\u00eda - Hotel Stad\u00eda Suites Qu\u00e9retaro","robots":{"index":"index","follow":"follow","max-snippet":"max-snippet:-1","max-image-preview":"max-image-preview:large","max-video-preview":"max-video-preview:-1"},"canonical":"https:\/\/stadiasuites.com\/queretaro\/amenities\/","og_locale":"es_ES","og_type":"article","og_title":"Amenidades Stad\u00eda - Hotel Stad\u00eda Suites Qu\u00e9retaro","og_description":"TODO LO QUE QUIERA, EN CUALQUIER MOMENTO QUE LO NECESITE Amenidades y espacios que crean experiencias extraordinarias. Habitaciones Equipadas con microondas, refrigerador frigobar, Smart TV, espejo iluminado, amenidades, caja de seguridad, secadora, internet de alta velocidad, escritorio, contactos usb, silla de trabajo. Adicional solicita, cafetera, parrilla de inducci\u00f3n, licuadora, loza y plaqu\u00e9, difusor de aceites [&hellip;]","og_url":"https:\/\/stadiasuites.com\/queretaro\/amenities\/","og_site_name":"Hotel Stad\u00eda Suites Qu\u00e9retaro","article_modified_time":"2024-01-29T19:44:49+00:00","og_image":[{"width":2560,"height":1707,"url":"https:\/\/stadiasuites.com\/queretaro\/wp-content\/uploads\/sites\/2\/2022\/06\/42-scaled.jpg","type":"image\/jpeg"}],"twitter_card":"summary_large_image","twitter_misc":{"Tiempo de lectura":"1 minuto"},"schema":{"@context":"https:\/\/schema.org","@graph":[{"@type":"WebPage","@id":"https:\/\/stadiasuites.com\/queretaro\/amenities\/","url":"https:\/\/stadiasuites.com\/queretaro\/amenities\/","name":"Amenidades Stad\u00eda - Hotel Stad\u00eda Suites Qu\u00e9retaro","isPartOf":{"@id":"https:\/\/stadiasuites.com\/queretaro\/#website"},"primaryImageOfPage":{"@id":"https:\/\/stadiasuites.com\/queretaro\/amenities\/#primaryimage"},"image":{"@id":"https:\/\/stadiasuites.com\/queretaro\/amenities\/#primaryimage"},"thumbnailUrl":"https:\/\/stadiasuites.com\/queretaro\/wp-content\/uploads\/sites\/2\/2022\/06\/42-scaled.jpg","datePublished":"2019-01-22T00:11:09+00:00","dateModified":"2024-01-29T19:44:49+00:00","breadcrumb":{"@id":"https:\/\/stadiasuites.com\/queretaro\/amenities\/#breadcrumb"},"inLanguage":"es","potentialAction":[{"@type":"ReadAction","target":["https:\/\/stadiasuites.com\/queretaro\/amenities\/"]}]},{"@type":"ImageObject","inLanguage":"es","@id":"https:\/\/stadiasuites.com\/queretaro\/amenities\/#primaryimage","url":"https:\/\/stadiasuites.com\/queretaro\/wp-content\/uploads\/sites\/2\/2022\/06\/42-scaled.jpg","contentUrl":"https:\/\/stadiasuites.com\/queretaro\/wp-content\/uploads\/sites\/2\/2022\/06\/42-scaled.jpg","width":2560,"height":1707},{"@type":"BreadcrumbList","@id":"https:\/\/stadiasuites.com\/queretaro\/amenities\/#breadcrumb","itemListElement":[{"@type":"ListItem","position":1,"name":"Home","item":"https:\/\/stadiasuites.com\/queretaro\/"},{"@type":"ListItem","position":2,"name":"Amenidades Stad\u00eda"}]},{"@type":"WebSite","@id":"https:\/\/stadiasuites.com\/queretaro\/#website","url":"https:\/\/stadiasuites.com\/queretaro\/","name":"Hotel Stad\u00eda Suites Qu\u00e9retaro","description":"Hotel Stad\u00eda Suites Quer\u00e9taro","potentialAction":[{"@type":"SearchAction","target":{"@type":"EntryPoint","urlTemplate":"https:\/\/stadiasuites.com\/queretaro\/?s={search_term_string}"},"query-input":{"@type":"PropertyValueSpecification","valueRequired":true,"valueName":"search_term_string"}}],"inLanguage":"es"}]}},"_links":{"self":[{"href":"https:\/\/stadiasuites.com\/queretaro\/wp-json\/wp\/v2\/pages\/93","targetHints":{"allow":["GET"]}}],"collection":[{"href":"https:\/\/stadiasuites.com\/queretaro\/wp-json\/wp\/v2\/pages"}],"about":[{"href":"https:\/\/stadiasuites.com\/queretaro\/wp-json\/wp\/v2\/types\/page"}],"author":[{"embeddable":true,"href":"https:\/\/stadiasuites.com\/queretaro\/wp-json\/wp\/v2\/users\/1"}],"replies":[{"embeddable":true,"href":"https:\/\/stadiasuites.com\/queretaro\/wp-json\/wp\/v2\/comments?post=93"}],"version-history":[{"count":11,"href":"https:\/\/stadiasuites.com\/queretaro\/wp-json\/wp\/v2\/pages\/93\/revisions"}],"predecessor-version":[{"id":1309,"href":"https:\/\/stadiasuites.com\/queretaro\/wp-json\/wp\/v2\/pages\/93\/revisions\/1309"}],"wp:featuredmedia":[{"embeddable":true,"href":"https:\/\/stadiasuites.com\/queretaro\/wp-json\/wp\/v2\/media\/1143"}],"wp:attachment":[{"href":"https:\/\/stadiasuites.com\/queretaro\/wp-json\/wp\/v2\/media?parent=93"}],"curies":[{"name":"wp","href":"https:\/\/api.w.org\/{rel}","templated":true}]}}