{"id":687,"date":"2021-03-23T18:20:07","date_gmt":"2021-03-23T17:20:07","guid":{"rendered":"https:\/\/stadiasuites.com\/queretaro\/?page_id=687"},"modified":"2023-01-13T01:38:00","modified_gmt":"2023-01-13T00:38:00","slug":"start","status":"publish","type":"page","link":"https:\/\/stadiasuites.com\/queretaro\/en\/start\/","title":{"rendered":"Start"},"content":{"rendered":"\n<h1 class=\"wp-block-heading\"><\/h1>\n\n\n\n<p>Whether traveling to Quer\u00e9taro Capital for <strong>business, leisure or <em>bleisure<\/em><\/strong>, Stadia Suites is your perfect accommodation. We are located in the <strong>heart of the city<\/strong>, surrounded by important industrial parks and <strong>walking distance<\/strong> tourist attractions such as the beautiful colonial Historic district, the aqueduct, and venues as the Quer\u00e9taro Convention Center and Teatro de la Rep\u00fablica.<\/p>\n\n\n\n<p>Safe and in the Ubika Universidad Shopping center<strong>, Stadia Suites Quer\u00e9taro<\/strong> hotel combines award winning architecture with <strong>equipped suites<\/strong> ideal for short and extended stays.  Enjoy our wide variety of restaurants and cafes at plaza Ubika Universidad shopping center.<\/p>\n\n\n\n<p class=\"has-text-align-center\"><br><\/p>\n","protected":false},"excerpt":{"rendered":"<p>Whether traveling to Quer\u00e9taro Capital for business, leisure or bleisure, Stadia Suites is your perfect accommodation. We are located in the heart of the city, surrounded by important industrial parks and walking distance tourist attractions such as the beautiful colonial Historic district, the aqueduct, and venues as the Quer\u00e9taro Convention Center and Teatro de la [&hellip;]<\/p>\n","protected":false},"author":3,"featured_media":0,"parent":0,"menu_order":0,"comment_status":"closed","ping_status":"closed","template":"template-home.php","meta":{"footnotes":""},"class_list":["post-687","page","type-page","status-publish","hentry"],"yoast_head":"<!-- This site is optimized with the Yoast SEO plugin v26.8 - https:\/\/yoast.com\/product\/yoast-seo-wordpress\/ -->\n<title>Start - Hotel Stad\u00eda Suites Qu\u00e9retaro<\/title>\n<meta name=\"description\" content=\"Bienvenido a Stad\u00eda Suites Quer\u00e9taro ***PR\u00d3XIMA APERTURA***\" \/>\n<meta name=\"robots\" content=\"index, follow, max-snippet:-1, max-image-preview:large, max-video-preview:-1\" \/>\n<link rel=\"canonical\" href=\"https:\/\/www.stadiasuites.com\/es\/inicio\/\" \/>\n<meta property=\"og:locale\" content=\"es_ES\" \/>\n<meta property=\"og:type\" content=\"article\" \/>\n<meta property=\"og:title\" content=\"Start - Hotel Stad\u00eda Suites Qu\u00e9retaro\" \/>\n<meta property=\"og:description\" content=\"Bienvenido a Stad\u00eda Suites Quer\u00e9taro ***PR\u00d3XIMA APERTURA***\" \/>\n<meta property=\"og:url\" content=\"https:\/\/www.stadiasuites.com\/es\/inicio\/\" \/>\n<meta property=\"og:site_name\" content=\"Hotel Stad\u00eda Suites Qu\u00e9retaro\" \/>\n<meta property=\"article:modified_time\" content=\"2023-01-13T00:38:00+00:00\" \/>\n<meta name=\"twitter:card\" content=\"summary_large_image\" \/>\n<meta name=\"twitter:label1\" content=\"Tiempo de lectura\" \/>\n\t<meta name=\"twitter:data1\" content=\"1 minuto\" \/>\n<script type=\"application\/ld+json\" class=\"yoast-schema-graph\">{\"@context\":\"https:\/\/schema.org\",\"@graph\":[{\"@type\":\"WebPage\",\"@id\":\"https:\/\/stadiasuites.com\/queretaro\/en\/start\/\",\"url\":\"https:\/\/www.stadiasuites.com\/es\/inicio\/\",\"name\":\"Start - Hotel Stad\u00eda Suites Qu\u00e9retaro\",\"isPartOf\":{\"@id\":\"https:\/\/stadiasuites.com\/queretaro\/#website\"},\"datePublished\":\"2021-03-23T17:20:07+00:00\",\"dateModified\":\"2023-01-13T00:38:00+00:00\",\"description\":\"Bienvenido a Stad\u00eda Suites Quer\u00e9taro ***PR\u00d3XIMA APERTURA***\",\"breadcrumb\":{\"@id\":\"https:\/\/www.stadiasuites.com\/es\/inicio\/#breadcrumb\"},\"inLanguage\":\"es\",\"potentialAction\":[{\"@type\":\"ReadAction\",\"target\":[\"https:\/\/www.stadiasuites.com\/es\/inicio\/\"]}]},{\"@type\":\"BreadcrumbList\",\"@id\":\"https:\/\/www.stadiasuites.com\/es\/inicio\/#breadcrumb\",\"itemListElement\":[{\"@type\":\"ListItem\",\"position\":1,\"name\":\"Home\",\"item\":\"https:\/\/stadiasuites.com\/queretaro\/\"},{\"@type\":\"ListItem\",\"position\":2,\"name\":\"Start\"}]},{\"@type\":\"WebSite\",\"@id\":\"https:\/\/stadiasuites.com\/queretaro\/#website\",\"url\":\"https:\/\/stadiasuites.com\/queretaro\/\",\"name\":\"Hotel Stad\u00eda Suites Qu\u00e9retaro\",\"description\":\"Hotel Stad\u00eda Suites Quer\u00e9taro\",\"potentialAction\":[{\"@type\":\"SearchAction\",\"target\":{\"@type\":\"EntryPoint\",\"urlTemplate\":\"https:\/\/stadiasuites.com\/queretaro\/?s={search_term_string}\"},\"query-input\":{\"@type\":\"PropertyValueSpecification\",\"valueRequired\":true,\"valueName\":\"search_term_string\"}}],\"inLanguage\":\"es\"}]}<\/script>\n<!-- \/ Yoast SEO plugin. -->","yoast_head_json":{"title":"Start - Hotel Stad\u00eda Suites Qu\u00e9retaro","description":"Bienvenido a Stad\u00eda Suites Quer\u00e9taro ***PR\u00d3XIMA APERTURA***","robots":{"index":"index","follow":"follow","max-snippet":"max-snippet:-1","max-image-preview":"max-image-preview:large","max-video-preview":"max-video-preview:-1"},"canonical":"https:\/\/www.stadiasuites.com\/es\/inicio\/","og_locale":"es_ES","og_type":"article","og_title":"Start - Hotel Stad\u00eda Suites Qu\u00e9retaro","og_description":"Bienvenido a Stad\u00eda Suites Quer\u00e9taro ***PR\u00d3XIMA APERTURA***","og_url":"https:\/\/www.stadiasuites.com\/es\/inicio\/","og_site_name":"Hotel Stad\u00eda Suites Qu\u00e9retaro","article_modified_time":"2023-01-13T00:38:00+00:00","twitter_card":"summary_large_image","twitter_misc":{"Tiempo de lectura":"1 minuto"},"schema":{"@context":"https:\/\/schema.org","@graph":[{"@type":"WebPage","@id":"https:\/\/stadiasuites.com\/queretaro\/en\/start\/","url":"https:\/\/www.stadiasuites.com\/es\/inicio\/","name":"Start - Hotel Stad\u00eda Suites Qu\u00e9retaro","isPartOf":{"@id":"https:\/\/stadiasuites.com\/queretaro\/#website"},"datePublished":"2021-03-23T17:20:07+00:00","dateModified":"2023-01-13T00:38:00+00:00","description":"Bienvenido a Stad\u00eda Suites Quer\u00e9taro ***PR\u00d3XIMA APERTURA***","breadcrumb":{"@id":"https:\/\/www.stadiasuites.com\/es\/inicio\/#breadcrumb"},"inLanguage":"es","potentialAction":[{"@type":"ReadAction","target":["https:\/\/www.stadiasuites.com\/es\/inicio\/"]}]},{"@type":"BreadcrumbList","@id":"https:\/\/www.stadiasuites.com\/es\/inicio\/#breadcrumb","itemListElement":[{"@type":"ListItem","position":1,"name":"Home","item":"https:\/\/stadiasuites.com\/queretaro\/"},{"@type":"ListItem","position":2,"name":"Start"}]},{"@type":"WebSite","@id":"https:\/\/stadiasuites.com\/queretaro\/#website","url":"https:\/\/stadiasuites.com\/queretaro\/","name":"Hotel Stad\u00eda Suites Qu\u00e9retaro","description":"Hotel Stad\u00eda Suites Quer\u00e9taro","potentialAction":[{"@type":"SearchAction","target":{"@type":"EntryPoint","urlTemplate":"https:\/\/stadiasuites.com\/queretaro\/?s={search_term_string}"},"query-input":{"@type":"PropertyValueSpecification","valueRequired":true,"valueName":"search_term_string"}}],"inLanguage":"es"}]}},"_links":{"self":[{"href":"https:\/\/stadiasuites.com\/queretaro\/wp-json\/wp\/v2\/pages\/687","targetHints":{"allow":["GET"]}}],"collection":[{"href":"https:\/\/stadiasuites.com\/queretaro\/wp-json\/wp\/v2\/pages"}],"about":[{"href":"https:\/\/stadiasuites.com\/queretaro\/wp-json\/wp\/v2\/types\/page"}],"author":[{"embeddable":true,"href":"https:\/\/stadiasuites.com\/queretaro\/wp-json\/wp\/v2\/users\/3"}],"replies":[{"embeddable":true,"href":"https:\/\/stadiasuites.com\/queretaro\/wp-json\/wp\/v2\/comments?post=687"}],"version-history":[{"count":8,"href":"https:\/\/stadiasuites.com\/queretaro\/wp-json\/wp\/v2\/pages\/687\/revisions"}],"predecessor-version":[{"id":1217,"href":"https:\/\/stadiasuites.com\/queretaro\/wp-json\/wp\/v2\/pages\/687\/revisions\/1217"}],"wp:attachment":[{"href":"https:\/\/stadiasuites.com\/queretaro\/wp-json\/wp\/v2\/media?parent=687"}],"curies":[{"name":"wp","href":"https:\/\/api.w.org\/{rel}","templated":true}]}}