{"id":5,"date":"2019-01-08T23:17:29","date_gmt":"2019-01-08T23:17:29","guid":{"rendered":"https:\/\/stadia.g4adev.net\/www\/?page_id=5"},"modified":"2024-05-21T18:36:17","modified_gmt":"2024-05-21T16:36:17","slug":"inicio","status":"publish","type":"page","link":"https:\/\/stadiasuites.com\/queretaro\/","title":{"rendered":"Inicio"},"content":{"rendered":"\n<h1 class=\"wp-block-heading\">Descubre la Experiencia Stad\u00eda Suites<\/h1>\n\n\n\n<p><strong>Stad\u00eda Suites Quer\u00e9taro Centro Hist\u00f3rico<\/strong>, refrescante, con un <strong>dise\u00f1o extraordinario<\/strong>,                                           <strong>servicio galardonado<\/strong>, i<strong>ncreibles vistas<\/strong> y <strong>habitaciones equipadas<\/strong>, para estancias de un                                  d\u00eda a una vida.                      Ubicado dentro de la plaza Ubika Universidad, con <strong>restaurantes,<\/strong>                                           tienda de autoservicio y m\u00e1s. <\/p>\n\n\n\n<p>Nuestros espacios est\u00e1n pensados para que puedas disfrutar de una estancia de negocios o  placer. Amenidades como <strong>gimnasio<\/strong> 24\/7, zona de descanso de mascotas,  terraza con vistas al atardecer, business lounge, <strong>lavander\u00eda<\/strong> de auto servicio, <strong>sal\u00f3n de eventos<\/strong>, <strong>estacionamiento <\/strong>techado, restaurante con desayuno. <\/p>\n\n\n\n<p>Descubre Stad\u00eda Suites Quer\u00e9taro Centro Hist\u00f3rico y vive una nueva y <strong>m\u00e1s completa                                     experiencia de hospedaje<\/strong>. <\/p>\n","protected":false},"excerpt":{"rendered":"<p>Descubre la Experiencia Stad\u00eda Suites Stad\u00eda Suites Quer\u00e9taro Centro Hist\u00f3rico, refrescante, con un dise\u00f1o extraordinario, servicio galardonado, increibles vistas y habitaciones equipadas, para estancias de un d\u00eda a una vida. Ubicado dentro de la plaza Ubika Universidad, con restaurantes, tienda de autoservicio y m\u00e1s. Nuestros espacios est\u00e1n pensados para que puedas disfrutar de una estancia [&hellip;]<\/p>\n","protected":false},"author":1,"featured_media":0,"parent":0,"menu_order":0,"comment_status":"closed","ping_status":"closed","template":"template-home.php","meta":{"footnotes":""},"class_list":["post-5","page","type-page","status-publish","hentry"],"yoast_head":"<!-- This site is optimized with the Yoast SEO plugin v26.8 - https:\/\/yoast.com\/product\/yoast-seo-wordpress\/ -->\n<title>Hotel Stad\u00eda Suites Qu\u00e9retaro<\/title>\n<meta name=\"description\" content=\"Hotel ideal para viajes de trabajo y placer \u00a1Disfruta de la capital queretana!\" \/>\n<meta name=\"robots\" content=\"index, follow, max-snippet:-1, max-image-preview:large, max-video-preview:-1\" \/>\n<link rel=\"canonical\" href=\"https:\/\/www.stadiasuites.com\/es\/inicio\/\" \/>\n<meta property=\"og:locale\" content=\"es_ES\" \/>\n<meta property=\"og:type\" content=\"article\" \/>\n<meta property=\"og:title\" content=\"Hotel Stad\u00eda Suites Qu\u00e9retaro\" \/>\n<meta property=\"og:description\" content=\"Hotel ideal para viajes de trabajo y placer \u00a1Disfruta de la capital queretana!\" \/>\n<meta property=\"og:url\" content=\"https:\/\/www.stadiasuites.com\/es\/inicio\/\" \/>\n<meta property=\"og:site_name\" content=\"Hotel Stad\u00eda Suites Qu\u00e9retaro\" \/>\n<meta property=\"article:modified_time\" content=\"2024-05-21T16:36:17+00:00\" \/>\n<meta name=\"twitter:card\" content=\"summary_large_image\" \/>\n<meta name=\"twitter:label1\" content=\"Tiempo de lectura\" \/>\n\t<meta name=\"twitter:data1\" content=\"1 minuto\" \/>\n<script type=\"application\/ld+json\" class=\"yoast-schema-graph\">{\"@context\":\"https:\/\/schema.org\",\"@graph\":[{\"@type\":\"WebPage\",\"@id\":\"https:\/\/stadiasuites.com\/queretaro\/\",\"url\":\"https:\/\/www.stadiasuites.com\/es\/inicio\/\",\"name\":\"Hotel Stad\u00eda Suites Qu\u00e9retaro\",\"isPartOf\":{\"@id\":\"https:\/\/stadiasuites.com\/queretaro\/#website\"},\"datePublished\":\"2019-01-08T23:17:29+00:00\",\"dateModified\":\"2024-05-21T16:36:17+00:00\",\"description\":\"Hotel ideal para viajes de trabajo y placer \u00a1Disfruta de la capital queretana!\",\"breadcrumb\":{\"@id\":\"https:\/\/www.stadiasuites.com\/es\/inicio\/#breadcrumb\"},\"inLanguage\":\"es\",\"potentialAction\":[{\"@type\":\"ReadAction\",\"target\":[\"https:\/\/www.stadiasuites.com\/es\/inicio\/\"]}]},{\"@type\":\"BreadcrumbList\",\"@id\":\"https:\/\/www.stadiasuites.com\/es\/inicio\/#breadcrumb\",\"itemListElement\":[{\"@type\":\"ListItem\",\"position\":1,\"name\":\"Home\",\"item\":\"https:\/\/stadiasuites.com\/queretaro\/\"},{\"@type\":\"ListItem\",\"position\":2,\"name\":\"Inicio\"}]},{\"@type\":\"WebSite\",\"@id\":\"https:\/\/stadiasuites.com\/queretaro\/#website\",\"url\":\"https:\/\/stadiasuites.com\/queretaro\/\",\"name\":\"Hotel Stad\u00eda Suites Qu\u00e9retaro\",\"description\":\"Hotel Stad\u00eda Suites Quer\u00e9taro\",\"potentialAction\":[{\"@type\":\"SearchAction\",\"target\":{\"@type\":\"EntryPoint\",\"urlTemplate\":\"https:\/\/stadiasuites.com\/queretaro\/?s={search_term_string}\"},\"query-input\":{\"@type\":\"PropertyValueSpecification\",\"valueRequired\":true,\"valueName\":\"search_term_string\"}}],\"inLanguage\":\"es\"}]}<\/script>\n<!-- \/ Yoast SEO plugin. -->","yoast_head_json":{"title":"Hotel Stad\u00eda Suites Qu\u00e9retaro","description":"Hotel ideal para viajes de trabajo y placer \u00a1Disfruta de la capital queretana!","robots":{"index":"index","follow":"follow","max-snippet":"max-snippet:-1","max-image-preview":"max-image-preview:large","max-video-preview":"max-video-preview:-1"},"canonical":"https:\/\/www.stadiasuites.com\/es\/inicio\/","og_locale":"es_ES","og_type":"article","og_title":"Hotel Stad\u00eda Suites Qu\u00e9retaro","og_description":"Hotel ideal para viajes de trabajo y placer \u00a1Disfruta de la capital queretana!","og_url":"https:\/\/www.stadiasuites.com\/es\/inicio\/","og_site_name":"Hotel Stad\u00eda Suites Qu\u00e9retaro","article_modified_time":"2024-05-21T16:36:17+00:00","twitter_card":"summary_large_image","twitter_misc":{"Tiempo de lectura":"1 minuto"},"schema":{"@context":"https:\/\/schema.org","@graph":[{"@type":"WebPage","@id":"https:\/\/stadiasuites.com\/queretaro\/","url":"https:\/\/www.stadiasuites.com\/es\/inicio\/","name":"Hotel Stad\u00eda Suites Qu\u00e9retaro","isPartOf":{"@id":"https:\/\/stadiasuites.com\/queretaro\/#website"},"datePublished":"2019-01-08T23:17:29+00:00","dateModified":"2024-05-21T16:36:17+00:00","description":"Hotel ideal para viajes de trabajo y placer \u00a1Disfruta de la capital queretana!","breadcrumb":{"@id":"https:\/\/www.stadiasuites.com\/es\/inicio\/#breadcrumb"},"inLanguage":"es","potentialAction":[{"@type":"ReadAction","target":["https:\/\/www.stadiasuites.com\/es\/inicio\/"]}]},{"@type":"BreadcrumbList","@id":"https:\/\/www.stadiasuites.com\/es\/inicio\/#breadcrumb","itemListElement":[{"@type":"ListItem","position":1,"name":"Home","item":"https:\/\/stadiasuites.com\/queretaro\/"},{"@type":"ListItem","position":2,"name":"Inicio"}]},{"@type":"WebSite","@id":"https:\/\/stadiasuites.com\/queretaro\/#website","url":"https:\/\/stadiasuites.com\/queretaro\/","name":"Hotel Stad\u00eda Suites Qu\u00e9retaro","description":"Hotel Stad\u00eda Suites Quer\u00e9taro","potentialAction":[{"@type":"SearchAction","target":{"@type":"EntryPoint","urlTemplate":"https:\/\/stadiasuites.com\/queretaro\/?s={search_term_string}"},"query-input":{"@type":"PropertyValueSpecification","valueRequired":true,"valueName":"search_term_string"}}],"inLanguage":"es"}]}},"_links":{"self":[{"href":"https:\/\/stadiasuites.com\/queretaro\/wp-json\/wp\/v2\/pages\/5","targetHints":{"allow":["GET"]}}],"collection":[{"href":"https:\/\/stadiasuites.com\/queretaro\/wp-json\/wp\/v2\/pages"}],"about":[{"href":"https:\/\/stadiasuites.com\/queretaro\/wp-json\/wp\/v2\/types\/page"}],"author":[{"embeddable":true,"href":"https:\/\/stadiasuites.com\/queretaro\/wp-json\/wp\/v2\/users\/1"}],"replies":[{"embeddable":true,"href":"https:\/\/stadiasuites.com\/queretaro\/wp-json\/wp\/v2\/comments?post=5"}],"version-history":[{"count":26,"href":"https:\/\/stadiasuites.com\/queretaro\/wp-json\/wp\/v2\/pages\/5\/revisions"}],"predecessor-version":[{"id":1320,"href":"https:\/\/stadiasuites.com\/queretaro\/wp-json\/wp\/v2\/pages\/5\/revisions\/1320"}],"wp:attachment":[{"href":"https:\/\/stadiasuites.com\/queretaro\/wp-json\/wp\/v2\/media?parent=5"}],"curies":[{"name":"wp","href":"https:\/\/api.w.org\/{rel}","templated":true}]}}