{"id":232,"date":"2019-02-05T01:24:51","date_gmt":"2019-02-05T07:24:51","guid":{"rendered":"https:\/\/stadia.g4adev.net\/www\/?page_id=232"},"modified":"2024-01-29T17:56:31","modified_gmt":"2024-01-29T16:56:31","slug":"lounge","status":"publish","type":"page","link":"https:\/\/stadiasuites.com\/queretaro\/lounge\/","title":{"rendered":"Sunset Lounge"},"content":{"rendered":"\n<h2 style=\"color:#f16b31\">\n<span style=\"color:#fff\">LA MEJOR FORMA PARA<\/span> COMENZAR SU D\u00cdA<\/h2>\n\n\n\n<p>\u00a1Disfruta de un desayuno completo en nuestro Sunset Lounge!<\/p>\n\n\n\n<p>Te invitamos a disfrutar de la oferta gastron\u00f3mica de Plaza Ubika Universidad, consulta en recepci\u00f3n sobre los descuentos por ser hu\u00e9sped de Stad\u00eda Suites.<\/p>\n\n\n\n<p>Disfruta del atardecer desde nuestra terraza de hu\u00e9spedes.<\/p>\n\n\n\n<p><\/p>\n\n\n\n<p><\/p>\n","protected":false},"excerpt":{"rendered":"<p>LA MEJOR FORMA PARA COMENZAR SU D\u00cdA \u00a1Disfruta de un desayuno completo en nuestro Sunset Lounge! Te invitamos a disfrutar de la oferta gastron\u00f3mica de Plaza Ubika Universidad, consulta en recepci\u00f3n sobre los descuentos por ser hu\u00e9sped de Stad\u00eda Suites. Disfruta del atardecer desde nuestra terraza de hu\u00e9spedes.<\/p>\n","protected":false},"author":1,"featured_media":1128,"parent":0,"menu_order":0,"comment_status":"closed","ping_status":"closed","template":"template-landings.php","meta":{"footnotes":""},"class_list":["post-232","page","type-page","status-publish","has-post-thumbnail","hentry"],"yoast_head":"<!-- This site is optimized with the Yoast SEO plugin v26.8 - https:\/\/yoast.com\/product\/yoast-seo-wordpress\/ -->\n<title>Sunset Lounge - Hotel Stad\u00eda Suites Qu\u00e9retaro<\/title>\n<meta name=\"robots\" content=\"index, follow, max-snippet:-1, max-image-preview:large, max-video-preview:-1\" \/>\n<link rel=\"canonical\" href=\"https:\/\/stadiasuites.com\/queretaro\/lounge\/\" \/>\n<meta property=\"og:locale\" content=\"es_ES\" \/>\n<meta property=\"og:type\" content=\"article\" \/>\n<meta property=\"og:title\" content=\"Sunset Lounge - Hotel Stad\u00eda Suites Qu\u00e9retaro\" \/>\n<meta property=\"og:description\" content=\"LA MEJOR FORMA PARA COMENZAR SU D\u00cdA \u00a1Disfruta de un desayuno completo en nuestro Sunset Lounge! Te invitamos a disfrutar de la oferta gastron\u00f3mica de Plaza Ubika Universidad, consulta en recepci\u00f3n sobre los descuentos por ser hu\u00e9sped de Stad\u00eda Suites. Disfruta del atardecer desde nuestra terraza de hu\u00e9spedes.\" \/>\n<meta property=\"og:url\" content=\"https:\/\/stadiasuites.com\/queretaro\/lounge\/\" \/>\n<meta property=\"og:site_name\" content=\"Hotel Stad\u00eda Suites Qu\u00e9retaro\" \/>\n<meta property=\"article:modified_time\" content=\"2024-01-29T16:56:31+00:00\" \/>\n<meta property=\"og:image\" content=\"https:\/\/stadiasuites.com\/queretaro\/wp-content\/uploads\/sites\/2\/2022\/06\/VISTA-N-scaled.jpg\" \/>\n\t<meta property=\"og:image:width\" content=\"2560\" \/>\n\t<meta property=\"og:image:height\" content=\"1707\" \/>\n\t<meta property=\"og:image:type\" content=\"image\/jpeg\" \/>\n<meta name=\"twitter:card\" content=\"summary_large_image\" \/>\n<meta name=\"twitter:label1\" content=\"Tiempo de lectura\" \/>\n\t<meta name=\"twitter:data1\" content=\"1 minuto\" \/>\n<script type=\"application\/ld+json\" class=\"yoast-schema-graph\">{\"@context\":\"https:\/\/schema.org\",\"@graph\":[{\"@type\":\"WebPage\",\"@id\":\"https:\/\/stadiasuites.com\/queretaro\/lounge\/\",\"url\":\"https:\/\/stadiasuites.com\/queretaro\/lounge\/\",\"name\":\"Sunset Lounge - Hotel Stad\u00eda Suites Qu\u00e9retaro\",\"isPartOf\":{\"@id\":\"https:\/\/stadiasuites.com\/queretaro\/#website\"},\"primaryImageOfPage\":{\"@id\":\"https:\/\/stadiasuites.com\/queretaro\/lounge\/#primaryimage\"},\"image\":{\"@id\":\"https:\/\/stadiasuites.com\/queretaro\/lounge\/#primaryimage\"},\"thumbnailUrl\":\"https:\/\/stadiasuites.com\/queretaro\/wp-content\/uploads\/sites\/2\/2022\/06\/VISTA-N-scaled.jpg\",\"datePublished\":\"2019-02-05T07:24:51+00:00\",\"dateModified\":\"2024-01-29T16:56:31+00:00\",\"breadcrumb\":{\"@id\":\"https:\/\/stadiasuites.com\/queretaro\/lounge\/#breadcrumb\"},\"inLanguage\":\"es\",\"potentialAction\":[{\"@type\":\"ReadAction\",\"target\":[\"https:\/\/stadiasuites.com\/queretaro\/lounge\/\"]}]},{\"@type\":\"ImageObject\",\"inLanguage\":\"es\",\"@id\":\"https:\/\/stadiasuites.com\/queretaro\/lounge\/#primaryimage\",\"url\":\"https:\/\/stadiasuites.com\/queretaro\/wp-content\/uploads\/sites\/2\/2022\/06\/VISTA-N-scaled.jpg\",\"contentUrl\":\"https:\/\/stadiasuites.com\/queretaro\/wp-content\/uploads\/sites\/2\/2022\/06\/VISTA-N-scaled.jpg\",\"width\":2560,\"height\":1707},{\"@type\":\"BreadcrumbList\",\"@id\":\"https:\/\/stadiasuites.com\/queretaro\/lounge\/#breadcrumb\",\"itemListElement\":[{\"@type\":\"ListItem\",\"position\":1,\"name\":\"Home\",\"item\":\"https:\/\/stadiasuites.com\/queretaro\/\"},{\"@type\":\"ListItem\",\"position\":2,\"name\":\"Sunset Lounge\"}]},{\"@type\":\"WebSite\",\"@id\":\"https:\/\/stadiasuites.com\/queretaro\/#website\",\"url\":\"https:\/\/stadiasuites.com\/queretaro\/\",\"name\":\"Hotel Stad\u00eda Suites Qu\u00e9retaro\",\"description\":\"Hotel Stad\u00eda Suites Quer\u00e9taro\",\"potentialAction\":[{\"@type\":\"SearchAction\",\"target\":{\"@type\":\"EntryPoint\",\"urlTemplate\":\"https:\/\/stadiasuites.com\/queretaro\/?s={search_term_string}\"},\"query-input\":{\"@type\":\"PropertyValueSpecification\",\"valueRequired\":true,\"valueName\":\"search_term_string\"}}],\"inLanguage\":\"es\"}]}<\/script>\n<!-- \/ Yoast SEO plugin. -->","yoast_head_json":{"title":"Sunset Lounge - Hotel Stad\u00eda Suites Qu\u00e9retaro","robots":{"index":"index","follow":"follow","max-snippet":"max-snippet:-1","max-image-preview":"max-image-preview:large","max-video-preview":"max-video-preview:-1"},"canonical":"https:\/\/stadiasuites.com\/queretaro\/lounge\/","og_locale":"es_ES","og_type":"article","og_title":"Sunset Lounge - Hotel Stad\u00eda Suites Qu\u00e9retaro","og_description":"LA MEJOR FORMA PARA COMENZAR SU D\u00cdA \u00a1Disfruta de un desayuno completo en nuestro Sunset Lounge! Te invitamos a disfrutar de la oferta gastron\u00f3mica de Plaza Ubika Universidad, consulta en recepci\u00f3n sobre los descuentos por ser hu\u00e9sped de Stad\u00eda Suites. Disfruta del atardecer desde nuestra terraza de hu\u00e9spedes.","og_url":"https:\/\/stadiasuites.com\/queretaro\/lounge\/","og_site_name":"Hotel Stad\u00eda Suites Qu\u00e9retaro","article_modified_time":"2024-01-29T16:56:31+00:00","og_image":[{"width":2560,"height":1707,"url":"https:\/\/stadiasuites.com\/queretaro\/wp-content\/uploads\/sites\/2\/2022\/06\/VISTA-N-scaled.jpg","type":"image\/jpeg"}],"twitter_card":"summary_large_image","twitter_misc":{"Tiempo de lectura":"1 minuto"},"schema":{"@context":"https:\/\/schema.org","@graph":[{"@type":"WebPage","@id":"https:\/\/stadiasuites.com\/queretaro\/lounge\/","url":"https:\/\/stadiasuites.com\/queretaro\/lounge\/","name":"Sunset Lounge - Hotel Stad\u00eda Suites Qu\u00e9retaro","isPartOf":{"@id":"https:\/\/stadiasuites.com\/queretaro\/#website"},"primaryImageOfPage":{"@id":"https:\/\/stadiasuites.com\/queretaro\/lounge\/#primaryimage"},"image":{"@id":"https:\/\/stadiasuites.com\/queretaro\/lounge\/#primaryimage"},"thumbnailUrl":"https:\/\/stadiasuites.com\/queretaro\/wp-content\/uploads\/sites\/2\/2022\/06\/VISTA-N-scaled.jpg","datePublished":"2019-02-05T07:24:51+00:00","dateModified":"2024-01-29T16:56:31+00:00","breadcrumb":{"@id":"https:\/\/stadiasuites.com\/queretaro\/lounge\/#breadcrumb"},"inLanguage":"es","potentialAction":[{"@type":"ReadAction","target":["https:\/\/stadiasuites.com\/queretaro\/lounge\/"]}]},{"@type":"ImageObject","inLanguage":"es","@id":"https:\/\/stadiasuites.com\/queretaro\/lounge\/#primaryimage","url":"https:\/\/stadiasuites.com\/queretaro\/wp-content\/uploads\/sites\/2\/2022\/06\/VISTA-N-scaled.jpg","contentUrl":"https:\/\/stadiasuites.com\/queretaro\/wp-content\/uploads\/sites\/2\/2022\/06\/VISTA-N-scaled.jpg","width":2560,"height":1707},{"@type":"BreadcrumbList","@id":"https:\/\/stadiasuites.com\/queretaro\/lounge\/#breadcrumb","itemListElement":[{"@type":"ListItem","position":1,"name":"Home","item":"https:\/\/stadiasuites.com\/queretaro\/"},{"@type":"ListItem","position":2,"name":"Sunset Lounge"}]},{"@type":"WebSite","@id":"https:\/\/stadiasuites.com\/queretaro\/#website","url":"https:\/\/stadiasuites.com\/queretaro\/","name":"Hotel Stad\u00eda Suites Qu\u00e9retaro","description":"Hotel Stad\u00eda Suites Quer\u00e9taro","potentialAction":[{"@type":"SearchAction","target":{"@type":"EntryPoint","urlTemplate":"https:\/\/stadiasuites.com\/queretaro\/?s={search_term_string}"},"query-input":{"@type":"PropertyValueSpecification","valueRequired":true,"valueName":"search_term_string"}}],"inLanguage":"es"}]}},"_links":{"self":[{"href":"https:\/\/stadiasuites.com\/queretaro\/wp-json\/wp\/v2\/pages\/232","targetHints":{"allow":["GET"]}}],"collection":[{"href":"https:\/\/stadiasuites.com\/queretaro\/wp-json\/wp\/v2\/pages"}],"about":[{"href":"https:\/\/stadiasuites.com\/queretaro\/wp-json\/wp\/v2\/types\/page"}],"author":[{"embeddable":true,"href":"https:\/\/stadiasuites.com\/queretaro\/wp-json\/wp\/v2\/users\/1"}],"replies":[{"embeddable":true,"href":"https:\/\/stadiasuites.com\/queretaro\/wp-json\/wp\/v2\/comments?post=232"}],"version-history":[{"count":10,"href":"https:\/\/stadiasuites.com\/queretaro\/wp-json\/wp\/v2\/pages\/232\/revisions"}],"predecessor-version":[{"id":1285,"href":"https:\/\/stadiasuites.com\/queretaro\/wp-json\/wp\/v2\/pages\/232\/revisions\/1285"}],"wp:featuredmedia":[{"embeddable":true,"href":"https:\/\/stadiasuites.com\/queretaro\/wp-json\/wp\/v2\/media\/1128"}],"wp:attachment":[{"href":"https:\/\/stadiasuites.com\/queretaro\/wp-json\/wp\/v2\/media?parent=232"}],"curies":[{"name":"wp","href":"https:\/\/api.w.org\/{rel}","templated":true}]}}