{"id":143,"date":"2019-01-24T05:50:09","date_gmt":"2019-01-24T05:50:09","guid":{"rendered":"https:\/\/stadia.g4adev.net\/www\/?page_id=143"},"modified":"2023-08-15T22:00:00","modified_gmt":"2023-08-15T20:00:00","slug":"contacto","status":"publish","type":"page","link":"https:\/\/stadiasuites.com\/queretaro\/contacto\/","title":{"rendered":"Ubicaci\u00f3n y Contacto"},"content":{"rendered":"\n<h2 class=\"wp-block-heading\">LA UBICACI\u00d3N PERFECTA<\/h2>\n\n\n\n<h2 style=\"color: #f16b31\"> DE QUER\u00c9TARO <\/h2>\n\n\n\n<p>Nuestro Hotel se encuentra dentro del segundo bloque del Centro Hist\u00edorico en una de las avenidas m\u00e1s importantes de la ciudad, que conectan a los principales parques industriales, al Centro de Convenciones y a diferentes atracciones tur\u00edsticas.<br>Situado dentro de la plaza comercial Ubika Universidad, con accesos privilegiados en Av. Universidad o directamente por Av. 5 de Febrero contando adem\u00e1s con estacionamiento gratuito techado.<\/p>\n\n\n\n<p><\/p>\n","protected":false},"excerpt":{"rendered":"<p>LA UBICACI\u00d3N PERFECTA DE QUER\u00c9TARO Nuestro Hotel se encuentra dentro del segundo bloque del Centro Hist\u00edorico en una de las avenidas m\u00e1s importantes de la ciudad, que conectan a los principales parques industriales, al Centro de Convenciones y a diferentes atracciones tur\u00edsticas.Situado dentro de la plaza comercial Ubika Universidad, con accesos privilegiados en Av. Universidad [&hellip;]<\/p>\n","protected":false},"author":1,"featured_media":0,"parent":0,"menu_order":0,"comment_status":"closed","ping_status":"closed","template":"template-contact.php","meta":{"footnotes":""},"class_list":["post-143","page","type-page","status-publish","hentry"],"yoast_head":"<!-- This site is optimized with the Yoast SEO plugin v26.8 - https:\/\/yoast.com\/product\/yoast-seo-wordpress\/ -->\n<title>Ubicaci\u00f3n y Contacto - Hotel Stad\u00eda Suites Qu\u00e9retaro<\/title>\n<meta name=\"robots\" content=\"index, follow, max-snippet:-1, max-image-preview:large, max-video-preview:-1\" \/>\n<link rel=\"canonical\" href=\"https:\/\/stadiasuites.com\/queretaro\/contacto\/\" \/>\n<meta property=\"og:locale\" content=\"es_ES\" \/>\n<meta property=\"og:type\" content=\"article\" \/>\n<meta property=\"og:title\" content=\"Ubicaci\u00f3n y Contacto - Hotel Stad\u00eda Suites Qu\u00e9retaro\" \/>\n<meta property=\"og:description\" content=\"LA UBICACI\u00d3N PERFECTA DE QUER\u00c9TARO Nuestro Hotel se encuentra dentro del segundo bloque del Centro Hist\u00edorico en una de las avenidas m\u00e1s importantes de la ciudad, que conectan a los principales parques industriales, al Centro de Convenciones y a diferentes atracciones tur\u00edsticas.Situado dentro de la plaza comercial Ubika Universidad, con accesos privilegiados en Av. Universidad [&hellip;]\" \/>\n<meta property=\"og:url\" content=\"https:\/\/stadiasuites.com\/queretaro\/contacto\/\" \/>\n<meta property=\"og:site_name\" content=\"Hotel Stad\u00eda Suites Qu\u00e9retaro\" \/>\n<meta property=\"article:modified_time\" content=\"2023-08-15T20:00:00+00:00\" \/>\n<meta name=\"twitter:card\" content=\"summary_large_image\" \/>\n<meta name=\"twitter:label1\" content=\"Tiempo de lectura\" \/>\n\t<meta name=\"twitter:data1\" content=\"1 minuto\" \/>\n<script type=\"application\/ld+json\" class=\"yoast-schema-graph\">{\"@context\":\"https:\/\/schema.org\",\"@graph\":[{\"@type\":\"WebPage\",\"@id\":\"https:\/\/stadiasuites.com\/queretaro\/contacto\/\",\"url\":\"https:\/\/stadiasuites.com\/queretaro\/contacto\/\",\"name\":\"Ubicaci\u00f3n y Contacto - Hotel Stad\u00eda Suites Qu\u00e9retaro\",\"isPartOf\":{\"@id\":\"https:\/\/stadiasuites.com\/queretaro\/#website\"},\"datePublished\":\"2019-01-24T05:50:09+00:00\",\"dateModified\":\"2023-08-15T20:00:00+00:00\",\"breadcrumb\":{\"@id\":\"https:\/\/stadiasuites.com\/queretaro\/contacto\/#breadcrumb\"},\"inLanguage\":\"es\",\"potentialAction\":[{\"@type\":\"ReadAction\",\"target\":[\"https:\/\/stadiasuites.com\/queretaro\/contacto\/\"]}]},{\"@type\":\"BreadcrumbList\",\"@id\":\"https:\/\/stadiasuites.com\/queretaro\/contacto\/#breadcrumb\",\"itemListElement\":[{\"@type\":\"ListItem\",\"position\":1,\"name\":\"Home\",\"item\":\"https:\/\/stadiasuites.com\/queretaro\/\"},{\"@type\":\"ListItem\",\"position\":2,\"name\":\"Ubicaci\u00f3n y Contacto\"}]},{\"@type\":\"WebSite\",\"@id\":\"https:\/\/stadiasuites.com\/queretaro\/#website\",\"url\":\"https:\/\/stadiasuites.com\/queretaro\/\",\"name\":\"Hotel Stad\u00eda Suites Qu\u00e9retaro\",\"description\":\"Hotel Stad\u00eda Suites Quer\u00e9taro\",\"potentialAction\":[{\"@type\":\"SearchAction\",\"target\":{\"@type\":\"EntryPoint\",\"urlTemplate\":\"https:\/\/stadiasuites.com\/queretaro\/?s={search_term_string}\"},\"query-input\":{\"@type\":\"PropertyValueSpecification\",\"valueRequired\":true,\"valueName\":\"search_term_string\"}}],\"inLanguage\":\"es\"}]}<\/script>\n<!-- \/ Yoast SEO plugin. -->","yoast_head_json":{"title":"Ubicaci\u00f3n y Contacto - Hotel Stad\u00eda Suites Qu\u00e9retaro","robots":{"index":"index","follow":"follow","max-snippet":"max-snippet:-1","max-image-preview":"max-image-preview:large","max-video-preview":"max-video-preview:-1"},"canonical":"https:\/\/stadiasuites.com\/queretaro\/contacto\/","og_locale":"es_ES","og_type":"article","og_title":"Ubicaci\u00f3n y Contacto - Hotel Stad\u00eda Suites Qu\u00e9retaro","og_description":"LA UBICACI\u00d3N PERFECTA DE QUER\u00c9TARO Nuestro Hotel se encuentra dentro del segundo bloque del Centro Hist\u00edorico en una de las avenidas m\u00e1s importantes de la ciudad, que conectan a los principales parques industriales, al Centro de Convenciones y a diferentes atracciones tur\u00edsticas.Situado dentro de la plaza comercial Ubika Universidad, con accesos privilegiados en Av. Universidad [&hellip;]","og_url":"https:\/\/stadiasuites.com\/queretaro\/contacto\/","og_site_name":"Hotel Stad\u00eda Suites Qu\u00e9retaro","article_modified_time":"2023-08-15T20:00:00+00:00","twitter_card":"summary_large_image","twitter_misc":{"Tiempo de lectura":"1 minuto"},"schema":{"@context":"https:\/\/schema.org","@graph":[{"@type":"WebPage","@id":"https:\/\/stadiasuites.com\/queretaro\/contacto\/","url":"https:\/\/stadiasuites.com\/queretaro\/contacto\/","name":"Ubicaci\u00f3n y Contacto - Hotel Stad\u00eda Suites Qu\u00e9retaro","isPartOf":{"@id":"https:\/\/stadiasuites.com\/queretaro\/#website"},"datePublished":"2019-01-24T05:50:09+00:00","dateModified":"2023-08-15T20:00:00+00:00","breadcrumb":{"@id":"https:\/\/stadiasuites.com\/queretaro\/contacto\/#breadcrumb"},"inLanguage":"es","potentialAction":[{"@type":"ReadAction","target":["https:\/\/stadiasuites.com\/queretaro\/contacto\/"]}]},{"@type":"BreadcrumbList","@id":"https:\/\/stadiasuites.com\/queretaro\/contacto\/#breadcrumb","itemListElement":[{"@type":"ListItem","position":1,"name":"Home","item":"https:\/\/stadiasuites.com\/queretaro\/"},{"@type":"ListItem","position":2,"name":"Ubicaci\u00f3n y Contacto"}]},{"@type":"WebSite","@id":"https:\/\/stadiasuites.com\/queretaro\/#website","url":"https:\/\/stadiasuites.com\/queretaro\/","name":"Hotel Stad\u00eda Suites Qu\u00e9retaro","description":"Hotel Stad\u00eda Suites Quer\u00e9taro","potentialAction":[{"@type":"SearchAction","target":{"@type":"EntryPoint","urlTemplate":"https:\/\/stadiasuites.com\/queretaro\/?s={search_term_string}"},"query-input":{"@type":"PropertyValueSpecification","valueRequired":true,"valueName":"search_term_string"}}],"inLanguage":"es"}]}},"_links":{"self":[{"href":"https:\/\/stadiasuites.com\/queretaro\/wp-json\/wp\/v2\/pages\/143","targetHints":{"allow":["GET"]}}],"collection":[{"href":"https:\/\/stadiasuites.com\/queretaro\/wp-json\/wp\/v2\/pages"}],"about":[{"href":"https:\/\/stadiasuites.com\/queretaro\/wp-json\/wp\/v2\/types\/page"}],"author":[{"embeddable":true,"href":"https:\/\/stadiasuites.com\/queretaro\/wp-json\/wp\/v2\/users\/1"}],"replies":[{"embeddable":true,"href":"https:\/\/stadiasuites.com\/queretaro\/wp-json\/wp\/v2\/comments?post=143"}],"version-history":[{"count":4,"href":"https:\/\/stadiasuites.com\/queretaro\/wp-json\/wp\/v2\/pages\/143\/revisions"}],"predecessor-version":[{"id":1277,"href":"https:\/\/stadiasuites.com\/queretaro\/wp-json\/wp\/v2\/pages\/143\/revisions\/1277"}],"wp:attachment":[{"href":"https:\/\/stadiasuites.com\/queretaro\/wp-json\/wp\/v2\/media?parent=143"}],"curies":[{"name":"wp","href":"https:\/\/api.w.org\/{rel}","templated":true}]}}