{"id":93,"date":"2019-01-22T00:11:09","date_gmt":"2019-01-22T00:11:09","guid":{"rendered":"https:\/\/stadia.g4adev.net\/www\/?page_id=93"},"modified":"2025-09-17T13:57:07","modified_gmt":"2025-09-17T19:57:07","slug":"amenidades","status":"publish","type":"page","link":"https:\/\/stadiasuites.com\/mexicocity\/amenidades\/","title":{"rendered":"Amenidades Stad\u00eda"},"content":{"rendered":"\n<h2 class=\"wp-block-heading\">TODO LO QUE QUIERA, EN CUALQUIER <\/h2>\n\n\n\n<h3 style=\"color:#f16b31;font-size:24px\" class=\"has-text-color\">MOMENTO QUE LO NECESITE <\/h3>\n\n\n\n<p>En Stad\u00eda Suites cuidamos todos los detalles para que su estancia sea placentera, Suites con servicio hotelero 5 estrellas que aunado a un ambiente residencial, har\u00e1n de su viaje a la Ciudad de M\u00e9xico una extensi\u00f3n de su hogar. <\/p>\n\n\n\n<p>Cafeter\u00eda Gourmet <strong> The Urbanist<\/strong> (sucursal Juan Salvador Agraz) y <strong>The Urbanist<\/strong> (sucursal Mario Pani, servicio Grab&amp;Go)<\/p>\n\n\n\n<p>Con <strong>Stad\u00eda Market<\/strong> nos encargamos de realizar las compras por usted para que contin\u00fae su estancia sin contratiempos.<\/p>\n\n\n\n<p>Con <strong>Stad\u00eda Home<\/strong> podemos realizar el pr\u00e9stamo de m\u00e1s equipo para su suite (bajo disponibilidad), al check out deber\u00e1 regresar todos los utensilios.<\/p>\n\n\n\n<p>Disfrute de un recorrido por el Paque La Mexicana en nuestras <strong>Bicicletas Stad\u00eda<\/strong> o de un momento de relajaci\u00f3n con el kit <\/p>\n\n\n\n<p>Viajar y continuar preparando sus alimentos por usted mismo es sencillo con nuestras <strong>Cocinas equipadas con parrilla el\u00e9ctrica y utensilios<\/strong> (aplica en suites)<\/p>\n\n\n\n<p>Mantener limpia su ropa es muy pr\u00e1ctico con el <strong>Centro de Lavado<\/strong> (aplica en suites).<\/p>\n\n\n\n<p>Viaje sin descuidar su rutina de ejercicio con nuestro<strong> GYM 24\/7<\/strong>.<\/p>\n\n\n\n<p><strong>Hotel Pet Friendly<\/strong> para que viaje con todos los integrantes de su familia, aplican cargos extras por hospedaje de mascota, incluidas mascotas de asistencia emocional (exclusivamente perros gu\u00eda exentos de cargos).<\/p>\n","protected":false},"excerpt":{"rendered":"<p>TODO LO QUE QUIERA, EN CUALQUIER MOMENTO QUE LO NECESITE En Stad\u00eda Suites cuidamos todos los detalles para que su estancia sea placentera, Suites con servicio hotelero 5 estrellas que aunado a un ambiente residencial, har\u00e1n de su viaje a la Ciudad de M\u00e9xico una extensi\u00f3n de su hogar. Cafeter\u00eda Gourmet The Urbanist (sucursal Juan [&hellip;]<\/p>\n","protected":false},"author":1,"featured_media":384,"parent":0,"menu_order":0,"comment_status":"closed","ping_status":"closed","template":"template-amenities.php","meta":{"footnotes":""},"class_list":["post-93","page","type-page","status-publish","has-post-thumbnail","hentry"],"yoast_head":"<!-- This site is optimized with the Yoast SEO plugin v26.8 - https:\/\/yoast.com\/product\/yoast-seo-wordpress\/ -->\n<title>Amenidades Stad\u00eda - Hotel Stadia Suites Mexico City Santa Fe<\/title>\n<meta name=\"description\" content=\"Perm\u00edtanos consentirle durante toda la estancia, contamos con una gran variedad de beneficios para usted.\" \/>\n<meta name=\"robots\" content=\"index, follow, max-snippet:-1, max-image-preview:large, max-video-preview:-1\" \/>\n<link rel=\"canonical\" href=\"https:\/\/stadiasuites.com\/mexicocity\/amenidades\/\" \/>\n<meta property=\"og:locale\" content=\"es_ES\" \/>\n<meta property=\"og:type\" content=\"article\" \/>\n<meta property=\"og:title\" content=\"Amenidades Stad\u00eda - Hotel Stadia Suites Mexico City Santa Fe\" \/>\n<meta property=\"og:description\" content=\"Perm\u00edtanos consentirle durante toda la estancia, contamos con una gran variedad de beneficios para usted.\" \/>\n<meta property=\"og:url\" content=\"https:\/\/stadiasuites.com\/mexicocity\/amenidades\/\" \/>\n<meta property=\"og:site_name\" content=\"Hotel Stadia Suites Mexico City Santa Fe\" \/>\n<meta property=\"article:modified_time\" content=\"2025-09-17T19:57:07+00:00\" \/>\n<meta property=\"og:image\" content=\"https:\/\/stadiasuites.com\/mexicocity\/wp-content\/uploads\/sites\/3\/2019\/02\/stadia-amenities-hero-1.jpg\" \/>\n\t<meta property=\"og:image:width\" content=\"2000\" \/>\n\t<meta property=\"og:image:height\" content=\"900\" \/>\n\t<meta property=\"og:image:type\" content=\"image\/jpeg\" \/>\n<meta name=\"twitter:card\" content=\"summary_large_image\" \/>\n<meta name=\"twitter:label1\" content=\"Tiempo de lectura\" \/>\n\t<meta name=\"twitter:data1\" content=\"2 minutos\" \/>\n<script type=\"application\/ld+json\" class=\"yoast-schema-graph\">{\"@context\":\"https:\/\/schema.org\",\"@graph\":[{\"@type\":\"WebPage\",\"@id\":\"https:\/\/stadiasuites.com\/mexicocity\/amenidades\/\",\"url\":\"https:\/\/stadiasuites.com\/mexicocity\/amenidades\/\",\"name\":\"Amenidades Stad\u00eda - Hotel Stadia Suites Mexico City Santa Fe\",\"isPartOf\":{\"@id\":\"https:\/\/stadiasuites.com\/mexicocity\/#website\"},\"primaryImageOfPage\":{\"@id\":\"https:\/\/stadiasuites.com\/mexicocity\/amenidades\/#primaryimage\"},\"image\":{\"@id\":\"https:\/\/stadiasuites.com\/mexicocity\/amenidades\/#primaryimage\"},\"thumbnailUrl\":\"https:\/\/stadiasuites.com\/mexicocity\/wp-content\/uploads\/sites\/3\/2019\/02\/stadia-amenities-hero-1.jpg\",\"datePublished\":\"2019-01-22T00:11:09+00:00\",\"dateModified\":\"2025-09-17T19:57:07+00:00\",\"description\":\"Perm\u00edtanos consentirle durante toda la estancia, contamos con una gran variedad de beneficios para usted.\",\"breadcrumb\":{\"@id\":\"https:\/\/stadiasuites.com\/mexicocity\/amenidades\/#breadcrumb\"},\"inLanguage\":\"es\",\"potentialAction\":[{\"@type\":\"ReadAction\",\"target\":[\"https:\/\/stadiasuites.com\/mexicocity\/amenidades\/\"]}]},{\"@type\":\"ImageObject\",\"inLanguage\":\"es\",\"@id\":\"https:\/\/stadiasuites.com\/mexicocity\/amenidades\/#primaryimage\",\"url\":\"https:\/\/stadiasuites.com\/mexicocity\/wp-content\/uploads\/sites\/3\/2019\/02\/stadia-amenities-hero-1.jpg\",\"contentUrl\":\"https:\/\/stadiasuites.com\/mexicocity\/wp-content\/uploads\/sites\/3\/2019\/02\/stadia-amenities-hero-1.jpg\",\"width\":2000,\"height\":900},{\"@type\":\"BreadcrumbList\",\"@id\":\"https:\/\/stadiasuites.com\/mexicocity\/amenidades\/#breadcrumb\",\"itemListElement\":[{\"@type\":\"ListItem\",\"position\":1,\"name\":\"Home\",\"item\":\"https:\/\/stadiasuites.com\/mexicocity\/\"},{\"@type\":\"ListItem\",\"position\":2,\"name\":\"Amenidades Stad\u00eda\"}]},{\"@type\":\"WebSite\",\"@id\":\"https:\/\/stadiasuites.com\/mexicocity\/#website\",\"url\":\"https:\/\/stadiasuites.com\/mexicocity\/\",\"name\":\"Hotel Stadia Suites Mexico City Santa Fe\",\"description\":\"Rooms equipped apartment type\",\"potentialAction\":[{\"@type\":\"SearchAction\",\"target\":{\"@type\":\"EntryPoint\",\"urlTemplate\":\"https:\/\/stadiasuites.com\/mexicocity\/?s={search_term_string}\"},\"query-input\":{\"@type\":\"PropertyValueSpecification\",\"valueRequired\":true,\"valueName\":\"search_term_string\"}}],\"inLanguage\":\"es\"}]}<\/script>\n<!-- \/ Yoast SEO plugin. -->","yoast_head_json":{"title":"Amenidades Stad\u00eda - Hotel Stadia Suites Mexico City Santa Fe","description":"Perm\u00edtanos consentirle durante toda la estancia, contamos con una gran variedad de beneficios para usted.","robots":{"index":"index","follow":"follow","max-snippet":"max-snippet:-1","max-image-preview":"max-image-preview:large","max-video-preview":"max-video-preview:-1"},"canonical":"https:\/\/stadiasuites.com\/mexicocity\/amenidades\/","og_locale":"es_ES","og_type":"article","og_title":"Amenidades Stad\u00eda - Hotel Stadia Suites Mexico City Santa Fe","og_description":"Perm\u00edtanos consentirle durante toda la estancia, contamos con una gran variedad de beneficios para usted.","og_url":"https:\/\/stadiasuites.com\/mexicocity\/amenidades\/","og_site_name":"Hotel Stadia Suites Mexico City Santa Fe","article_modified_time":"2025-09-17T19:57:07+00:00","og_image":[{"width":2000,"height":900,"url":"https:\/\/stadiasuites.com\/mexicocity\/wp-content\/uploads\/sites\/3\/2019\/02\/stadia-amenities-hero-1.jpg","type":"image\/jpeg"}],"twitter_card":"summary_large_image","twitter_misc":{"Tiempo de lectura":"2 minutos"},"schema":{"@context":"https:\/\/schema.org","@graph":[{"@type":"WebPage","@id":"https:\/\/stadiasuites.com\/mexicocity\/amenidades\/","url":"https:\/\/stadiasuites.com\/mexicocity\/amenidades\/","name":"Amenidades Stad\u00eda - Hotel Stadia Suites Mexico City Santa Fe","isPartOf":{"@id":"https:\/\/stadiasuites.com\/mexicocity\/#website"},"primaryImageOfPage":{"@id":"https:\/\/stadiasuites.com\/mexicocity\/amenidades\/#primaryimage"},"image":{"@id":"https:\/\/stadiasuites.com\/mexicocity\/amenidades\/#primaryimage"},"thumbnailUrl":"https:\/\/stadiasuites.com\/mexicocity\/wp-content\/uploads\/sites\/3\/2019\/02\/stadia-amenities-hero-1.jpg","datePublished":"2019-01-22T00:11:09+00:00","dateModified":"2025-09-17T19:57:07+00:00","description":"Perm\u00edtanos consentirle durante toda la estancia, contamos con una gran variedad de beneficios para usted.","breadcrumb":{"@id":"https:\/\/stadiasuites.com\/mexicocity\/amenidades\/#breadcrumb"},"inLanguage":"es","potentialAction":[{"@type":"ReadAction","target":["https:\/\/stadiasuites.com\/mexicocity\/amenidades\/"]}]},{"@type":"ImageObject","inLanguage":"es","@id":"https:\/\/stadiasuites.com\/mexicocity\/amenidades\/#primaryimage","url":"https:\/\/stadiasuites.com\/mexicocity\/wp-content\/uploads\/sites\/3\/2019\/02\/stadia-amenities-hero-1.jpg","contentUrl":"https:\/\/stadiasuites.com\/mexicocity\/wp-content\/uploads\/sites\/3\/2019\/02\/stadia-amenities-hero-1.jpg","width":2000,"height":900},{"@type":"BreadcrumbList","@id":"https:\/\/stadiasuites.com\/mexicocity\/amenidades\/#breadcrumb","itemListElement":[{"@type":"ListItem","position":1,"name":"Home","item":"https:\/\/stadiasuites.com\/mexicocity\/"},{"@type":"ListItem","position":2,"name":"Amenidades Stad\u00eda"}]},{"@type":"WebSite","@id":"https:\/\/stadiasuites.com\/mexicocity\/#website","url":"https:\/\/stadiasuites.com\/mexicocity\/","name":"Hotel Stadia Suites Mexico City Santa Fe","description":"Rooms equipped apartment type","potentialAction":[{"@type":"SearchAction","target":{"@type":"EntryPoint","urlTemplate":"https:\/\/stadiasuites.com\/mexicocity\/?s={search_term_string}"},"query-input":{"@type":"PropertyValueSpecification","valueRequired":true,"valueName":"search_term_string"}}],"inLanguage":"es"}]}},"_links":{"self":[{"href":"https:\/\/stadiasuites.com\/mexicocity\/wp-json\/wp\/v2\/pages\/93","targetHints":{"allow":["GET"]}}],"collection":[{"href":"https:\/\/stadiasuites.com\/mexicocity\/wp-json\/wp\/v2\/pages"}],"about":[{"href":"https:\/\/stadiasuites.com\/mexicocity\/wp-json\/wp\/v2\/types\/page"}],"author":[{"embeddable":true,"href":"https:\/\/stadiasuites.com\/mexicocity\/wp-json\/wp\/v2\/users\/1"}],"replies":[{"embeddable":true,"href":"https:\/\/stadiasuites.com\/mexicocity\/wp-json\/wp\/v2\/comments?post=93"}],"version-history":[{"count":9,"href":"https:\/\/stadiasuites.com\/mexicocity\/wp-json\/wp\/v2\/pages\/93\/revisions"}],"predecessor-version":[{"id":1478,"href":"https:\/\/stadiasuites.com\/mexicocity\/wp-json\/wp\/v2\/pages\/93\/revisions\/1478"}],"wp:featuredmedia":[{"embeddable":true,"href":"https:\/\/stadiasuites.com\/mexicocity\/wp-json\/wp\/v2\/media\/384"}],"wp:attachment":[{"href":"https:\/\/stadiasuites.com\/mexicocity\/wp-json\/wp\/v2\/media?parent=93"}],"curies":[{"name":"wp","href":"https:\/\/api.w.org\/{rel}","templated":true}]}}