{"id":5,"date":"2019-01-08T23:17:29","date_gmt":"2019-01-08T23:17:29","guid":{"rendered":"https:\/\/stadia.g4adev.net\/www\/?page_id=5"},"modified":"2026-01-27T14:29:26","modified_gmt":"2026-01-27T20:29:26","slug":"inicio","status":"publish","type":"page","link":"https:\/\/stadiasuites.com\/mexicocity\/","title":{"rendered":"Inicio"},"content":{"rendered":"\n<h1 class=\"wp-block-heading has-text-align-center\"><\/h1>\n\n\n\n<p><\/p>\n\n\n\n<p class=\"has-text-align-center has-luminous-vivid-orange-color has-text-color has-link-color wp-elements-6465f97a4017bbd9eb5ae64fb805ce42\"><a href=\"https:\/\/stadiasuites.com\/mexicocity\/factura\"><strong>FACTURACI\u00d3N AQU\u00cd<\/strong><\/a><\/p>\n\n\n\n<p class=\"has-text-align-center\"><strong>Stad\u00eda Suites Mexico City Santa Fe<\/strong> estrat\u00e9gicamente ubicado en el coraz\u00f3n del distrito financiero de<strong> <\/strong>Santa Fe en Ciudad de M\u00e9xico,<strong> <\/strong>rodeado de importantes corporativos nacionales e internacionales, a pocos minutos del centro de convenciones Expo Santa Fe, de importantes centros comerciales y del Parque La Mexicana.<\/p>\n\n\n\n<p class=\"has-text-align-center\">Disponemos de habitaciones y suites, ideales para cortas o largas estancias, con vistas espectaculares a la zona de Santa Fe.<\/p>\n\n\n\n<p class=\"has-text-align-center\">Las hermosas y amplias terrazas cubiertas y salones iluminados con luz natural est\u00e1n dise\u00f1ados para recibir cualquier tipo de evento.<\/p>\n\n\n\n<p><\/p>\n","protected":false},"excerpt":{"rendered":"<p>FACTURACI\u00d3N AQU\u00cd Stad\u00eda Suites Mexico City Santa Fe estrat\u00e9gicamente ubicado en el coraz\u00f3n del distrito financiero de Santa Fe en Ciudad de M\u00e9xico, rodeado de importantes corporativos nacionales e internacionales, a pocos minutos del centro de convenciones Expo Santa Fe, de importantes centros comerciales y del Parque La Mexicana. Disponemos de habitaciones y suites, ideales [&hellip;]<\/p>\n","protected":false},"author":1,"featured_media":0,"parent":0,"menu_order":0,"comment_status":"closed","ping_status":"closed","template":"template-home.php","meta":{"footnotes":""},"class_list":["post-5","page","type-page","status-publish","hentry"],"yoast_head":"<!-- This site is optimized with the Yoast SEO plugin v26.8 - https:\/\/yoast.com\/product\/yoast-seo-wordpress\/ -->\n<title>Hotel Stadia Suites Mexico City Santa Fe<\/title>\n<meta name=\"description\" content=\"Habitaciones y Suites tipo departamento ideales para cortas y largas estancias, \u00a1Reserve aqu\u00ed con la mejor tarifa! Tambi\u00e9n contamos con espectaculares Terrazas y Salones de eventos.\" \/>\n<meta name=\"robots\" content=\"index, follow, max-snippet:-1, max-image-preview:large, max-video-preview:-1\" \/>\n<link rel=\"canonical\" href=\"https:\/\/www.stadiasuites.com\/es\/inicio\/\" \/>\n<meta property=\"og:locale\" content=\"es_ES\" \/>\n<meta property=\"og:type\" content=\"article\" \/>\n<meta property=\"og:title\" content=\"Hotel Stadia Suites Mexico City Santa Fe\" \/>\n<meta property=\"og:description\" content=\"Habitaciones y Suites tipo departamento ideales para cortas y largas estancias, \u00a1Reserve aqu\u00ed con la mejor tarifa! Tambi\u00e9n contamos con espectaculares Terrazas y Salones de eventos.\" \/>\n<meta property=\"og:url\" content=\"https:\/\/www.stadiasuites.com\/es\/inicio\/\" \/>\n<meta property=\"og:site_name\" content=\"Hotel Stadia Suites Mexico City Santa Fe\" \/>\n<meta property=\"article:modified_time\" content=\"2026-01-27T20:29:26+00:00\" \/>\n<meta name=\"twitter:card\" content=\"summary_large_image\" \/>\n<meta name=\"twitter:label1\" content=\"Tiempo de lectura\" \/>\n\t<meta name=\"twitter:data1\" content=\"1 minuto\" \/>\n<script type=\"application\/ld+json\" class=\"yoast-schema-graph\">{\"@context\":\"https:\/\/schema.org\",\"@graph\":[{\"@type\":\"WebPage\",\"@id\":\"https:\/\/stadiasuites.com\/mexicocity\/\",\"url\":\"https:\/\/www.stadiasuites.com\/es\/inicio\/\",\"name\":\"Hotel Stadia Suites Mexico City Santa Fe\",\"isPartOf\":{\"@id\":\"https:\/\/stadiasuites.com\/mexicocity\/#website\"},\"datePublished\":\"2019-01-08T23:17:29+00:00\",\"dateModified\":\"2026-01-27T20:29:26+00:00\",\"description\":\"Habitaciones y Suites tipo departamento ideales para cortas y largas estancias, \u00a1Reserve aqu\u00ed con la mejor tarifa! Tambi\u00e9n contamos con espectaculares Terrazas y Salones de eventos.\",\"breadcrumb\":{\"@id\":\"https:\/\/www.stadiasuites.com\/es\/inicio\/#breadcrumb\"},\"inLanguage\":\"es\",\"potentialAction\":[{\"@type\":\"ReadAction\",\"target\":[\"https:\/\/www.stadiasuites.com\/es\/inicio\/\"]}]},{\"@type\":\"BreadcrumbList\",\"@id\":\"https:\/\/www.stadiasuites.com\/es\/inicio\/#breadcrumb\",\"itemListElement\":[{\"@type\":\"ListItem\",\"position\":1,\"name\":\"Home\",\"item\":\"https:\/\/stadiasuites.com\/mexicocity\/\"},{\"@type\":\"ListItem\",\"position\":2,\"name\":\"Inicio\"}]},{\"@type\":\"WebSite\",\"@id\":\"https:\/\/stadiasuites.com\/mexicocity\/#website\",\"url\":\"https:\/\/stadiasuites.com\/mexicocity\/\",\"name\":\"Hotel Stadia Suites Mexico City Santa Fe\",\"description\":\"Rooms equipped apartment type\",\"potentialAction\":[{\"@type\":\"SearchAction\",\"target\":{\"@type\":\"EntryPoint\",\"urlTemplate\":\"https:\/\/stadiasuites.com\/mexicocity\/?s={search_term_string}\"},\"query-input\":{\"@type\":\"PropertyValueSpecification\",\"valueRequired\":true,\"valueName\":\"search_term_string\"}}],\"inLanguage\":\"es\"}]}<\/script>\n<!-- \/ Yoast SEO plugin. -->","yoast_head_json":{"title":"Hotel Stadia Suites Mexico City Santa Fe","description":"Habitaciones y Suites tipo departamento ideales para cortas y largas estancias, \u00a1Reserve aqu\u00ed con la mejor tarifa! Tambi\u00e9n contamos con espectaculares Terrazas y Salones de eventos.","robots":{"index":"index","follow":"follow","max-snippet":"max-snippet:-1","max-image-preview":"max-image-preview:large","max-video-preview":"max-video-preview:-1"},"canonical":"https:\/\/www.stadiasuites.com\/es\/inicio\/","og_locale":"es_ES","og_type":"article","og_title":"Hotel Stadia Suites Mexico City Santa Fe","og_description":"Habitaciones y Suites tipo departamento ideales para cortas y largas estancias, \u00a1Reserve aqu\u00ed con la mejor tarifa! Tambi\u00e9n contamos con espectaculares Terrazas y Salones de eventos.","og_url":"https:\/\/www.stadiasuites.com\/es\/inicio\/","og_site_name":"Hotel Stadia Suites Mexico City Santa Fe","article_modified_time":"2026-01-27T20:29:26+00:00","twitter_card":"summary_large_image","twitter_misc":{"Tiempo de lectura":"1 minuto"},"schema":{"@context":"https:\/\/schema.org","@graph":[{"@type":"WebPage","@id":"https:\/\/stadiasuites.com\/mexicocity\/","url":"https:\/\/www.stadiasuites.com\/es\/inicio\/","name":"Hotel Stadia Suites Mexico City Santa Fe","isPartOf":{"@id":"https:\/\/stadiasuites.com\/mexicocity\/#website"},"datePublished":"2019-01-08T23:17:29+00:00","dateModified":"2026-01-27T20:29:26+00:00","description":"Habitaciones y Suites tipo departamento ideales para cortas y largas estancias, \u00a1Reserve aqu\u00ed con la mejor tarifa! Tambi\u00e9n contamos con espectaculares Terrazas y Salones de eventos.","breadcrumb":{"@id":"https:\/\/www.stadiasuites.com\/es\/inicio\/#breadcrumb"},"inLanguage":"es","potentialAction":[{"@type":"ReadAction","target":["https:\/\/www.stadiasuites.com\/es\/inicio\/"]}]},{"@type":"BreadcrumbList","@id":"https:\/\/www.stadiasuites.com\/es\/inicio\/#breadcrumb","itemListElement":[{"@type":"ListItem","position":1,"name":"Home","item":"https:\/\/stadiasuites.com\/mexicocity\/"},{"@type":"ListItem","position":2,"name":"Inicio"}]},{"@type":"WebSite","@id":"https:\/\/stadiasuites.com\/mexicocity\/#website","url":"https:\/\/stadiasuites.com\/mexicocity\/","name":"Hotel Stadia Suites Mexico City Santa Fe","description":"Rooms equipped apartment type","potentialAction":[{"@type":"SearchAction","target":{"@type":"EntryPoint","urlTemplate":"https:\/\/stadiasuites.com\/mexicocity\/?s={search_term_string}"},"query-input":{"@type":"PropertyValueSpecification","valueRequired":true,"valueName":"search_term_string"}}],"inLanguage":"es"}]}},"_links":{"self":[{"href":"https:\/\/stadiasuites.com\/mexicocity\/wp-json\/wp\/v2\/pages\/5","targetHints":{"allow":["GET"]}}],"collection":[{"href":"https:\/\/stadiasuites.com\/mexicocity\/wp-json\/wp\/v2\/pages"}],"about":[{"href":"https:\/\/stadiasuites.com\/mexicocity\/wp-json\/wp\/v2\/types\/page"}],"author":[{"embeddable":true,"href":"https:\/\/stadiasuites.com\/mexicocity\/wp-json\/wp\/v2\/users\/1"}],"replies":[{"embeddable":true,"href":"https:\/\/stadiasuites.com\/mexicocity\/wp-json\/wp\/v2\/comments?post=5"}],"version-history":[{"count":34,"href":"https:\/\/stadiasuites.com\/mexicocity\/wp-json\/wp\/v2\/pages\/5\/revisions"}],"predecessor-version":[{"id":1486,"href":"https:\/\/stadiasuites.com\/mexicocity\/wp-json\/wp\/v2\/pages\/5\/revisions\/1486"}],"wp:attachment":[{"href":"https:\/\/stadiasuites.com\/mexicocity\/wp-json\/wp\/v2\/media?parent=5"}],"curies":[{"name":"wp","href":"https:\/\/api.w.org\/{rel}","templated":true}]}}