{"id":228,"date":"2019-02-05T01:11:52","date_gmt":"2019-02-05T01:11:52","guid":{"rendered":"https:\/\/stadia.g4adev.net\/www\/?page_id=228"},"modified":"2019-02-05T01:11:52","modified_gmt":"2019-02-05T01:11:52","slug":"centro-de-negocios","status":"publish","type":"page","link":"https:\/\/stadiasuites.com\/mexicocity\/centro-de-negocios\/","title":{"rendered":"Centro de Negocios"},"content":{"rendered":"\n<h2 style=\"color:#f16b31\">\n<span style=\"color:#fff\">ESPACIO IDEAL PARA<\/span> REUNIONES PRODUCTIVAS<\/h2>\n\n\n\n<p>Nuestro Centro de Negocios est\u00e1 equipado con computadoras y una gran estaci\u00f3n de trabajo para que pueda revisar r\u00e1pidamente su correo electr\u00f3nico o trabajar fuera de su Suite.<\/p>\n\n\n\n<p><\/p>\n","protected":false},"excerpt":{"rendered":"<p>ESPACIO IDEAL PARA REUNIONES PRODUCTIVAS Nuestro Centro de Negocios est\u00e1 equipado con computadoras y una gran estaci\u00f3n de trabajo para que pueda revisar r\u00e1pidamente su correo electr\u00f3nico o trabajar fuera de su Suite.<\/p>\n","protected":false},"author":1,"featured_media":229,"parent":0,"menu_order":0,"comment_status":"closed","ping_status":"closed","template":"template-landings.php","meta":{"footnotes":""},"class_list":["post-228","page","type-page","status-publish","has-post-thumbnail","hentry"],"yoast_head":"<!-- This site is optimized with the Yoast SEO plugin v26.8 - https:\/\/yoast.com\/product\/yoast-seo-wordpress\/ -->\n<title>Centro de Negocios - Hotel Stadia Suites Mexico City Santa Fe<\/title>\n<meta name=\"robots\" content=\"index, follow, max-snippet:-1, max-image-preview:large, max-video-preview:-1\" \/>\n<link rel=\"canonical\" href=\"https:\/\/stadiasuites.com\/mexicocity\/centro-de-negocios\/\" \/>\n<meta property=\"og:locale\" content=\"es_ES\" \/>\n<meta property=\"og:type\" content=\"article\" \/>\n<meta property=\"og:title\" content=\"Centro de Negocios - Hotel Stadia Suites Mexico City Santa Fe\" \/>\n<meta property=\"og:description\" content=\"ESPACIO IDEAL PARA REUNIONES PRODUCTIVAS Nuestro Centro de Negocios est\u00e1 equipado con computadoras y una gran estaci\u00f3n de trabajo para que pueda revisar r\u00e1pidamente su correo electr\u00f3nico o trabajar fuera de su Suite.\" \/>\n<meta property=\"og:url\" content=\"https:\/\/stadiasuites.com\/mexicocity\/centro-de-negocios\/\" \/>\n<meta property=\"og:site_name\" content=\"Hotel Stadia Suites Mexico City Santa Fe\" \/>\n<meta property=\"og:image\" content=\"https:\/\/stadiasuites.com\/mexicocity\/wp-content\/uploads\/sites\/3\/2019\/02\/Home-Centro-de-Negocios.jpg\" \/>\n\t<meta property=\"og:image:width\" content=\"6144\" \/>\n\t<meta property=\"og:image:height\" content=\"4081\" \/>\n\t<meta property=\"og:image:type\" content=\"image\/jpeg\" \/>\n<meta name=\"twitter:card\" content=\"summary_large_image\" \/>\n<script type=\"application\/ld+json\" class=\"yoast-schema-graph\">{\"@context\":\"https:\/\/schema.org\",\"@graph\":[{\"@type\":\"WebPage\",\"@id\":\"https:\/\/stadiasuites.com\/mexicocity\/centro-de-negocios\/\",\"url\":\"https:\/\/stadiasuites.com\/mexicocity\/centro-de-negocios\/\",\"name\":\"Centro de Negocios - Hotel Stadia Suites Mexico City Santa Fe\",\"isPartOf\":{\"@id\":\"https:\/\/stadiasuites.com\/mexicocity\/#website\"},\"primaryImageOfPage\":{\"@id\":\"https:\/\/stadiasuites.com\/mexicocity\/centro-de-negocios\/#primaryimage\"},\"image\":{\"@id\":\"https:\/\/stadiasuites.com\/mexicocity\/centro-de-negocios\/#primaryimage\"},\"thumbnailUrl\":\"https:\/\/stadiasuites.com\/mexicocity\/wp-content\/uploads\/sites\/3\/2019\/02\/Home-Centro-de-Negocios.jpg\",\"datePublished\":\"2019-02-05T01:11:52+00:00\",\"breadcrumb\":{\"@id\":\"https:\/\/stadiasuites.com\/mexicocity\/centro-de-negocios\/#breadcrumb\"},\"inLanguage\":\"es\",\"potentialAction\":[{\"@type\":\"ReadAction\",\"target\":[\"https:\/\/stadiasuites.com\/mexicocity\/centro-de-negocios\/\"]}]},{\"@type\":\"ImageObject\",\"inLanguage\":\"es\",\"@id\":\"https:\/\/stadiasuites.com\/mexicocity\/centro-de-negocios\/#primaryimage\",\"url\":\"https:\/\/stadiasuites.com\/mexicocity\/wp-content\/uploads\/sites\/3\/2019\/02\/Home-Centro-de-Negocios.jpg\",\"contentUrl\":\"https:\/\/stadiasuites.com\/mexicocity\/wp-content\/uploads\/sites\/3\/2019\/02\/Home-Centro-de-Negocios.jpg\",\"width\":6144,\"height\":4081},{\"@type\":\"BreadcrumbList\",\"@id\":\"https:\/\/stadiasuites.com\/mexicocity\/centro-de-negocios\/#breadcrumb\",\"itemListElement\":[{\"@type\":\"ListItem\",\"position\":1,\"name\":\"Home\",\"item\":\"https:\/\/stadiasuites.com\/mexicocity\/\"},{\"@type\":\"ListItem\",\"position\":2,\"name\":\"Centro de Negocios\"}]},{\"@type\":\"WebSite\",\"@id\":\"https:\/\/stadiasuites.com\/mexicocity\/#website\",\"url\":\"https:\/\/stadiasuites.com\/mexicocity\/\",\"name\":\"Hotel Stadia Suites Mexico City Santa Fe\",\"description\":\"Rooms equipped apartment type\",\"potentialAction\":[{\"@type\":\"SearchAction\",\"target\":{\"@type\":\"EntryPoint\",\"urlTemplate\":\"https:\/\/stadiasuites.com\/mexicocity\/?s={search_term_string}\"},\"query-input\":{\"@type\":\"PropertyValueSpecification\",\"valueRequired\":true,\"valueName\":\"search_term_string\"}}],\"inLanguage\":\"es\"}]}<\/script>\n<!-- \/ Yoast SEO plugin. -->","yoast_head_json":{"title":"Centro de Negocios - Hotel Stadia Suites Mexico City Santa Fe","robots":{"index":"index","follow":"follow","max-snippet":"max-snippet:-1","max-image-preview":"max-image-preview:large","max-video-preview":"max-video-preview:-1"},"canonical":"https:\/\/stadiasuites.com\/mexicocity\/centro-de-negocios\/","og_locale":"es_ES","og_type":"article","og_title":"Centro de Negocios - Hotel Stadia Suites Mexico City Santa Fe","og_description":"ESPACIO IDEAL PARA REUNIONES PRODUCTIVAS Nuestro Centro de Negocios est\u00e1 equipado con computadoras y una gran estaci\u00f3n de trabajo para que pueda revisar r\u00e1pidamente su correo electr\u00f3nico o trabajar fuera de su Suite.","og_url":"https:\/\/stadiasuites.com\/mexicocity\/centro-de-negocios\/","og_site_name":"Hotel Stadia Suites Mexico City Santa Fe","og_image":[{"width":6144,"height":4081,"url":"https:\/\/stadiasuites.com\/mexicocity\/wp-content\/uploads\/sites\/3\/2019\/02\/Home-Centro-de-Negocios.jpg","type":"image\/jpeg"}],"twitter_card":"summary_large_image","schema":{"@context":"https:\/\/schema.org","@graph":[{"@type":"WebPage","@id":"https:\/\/stadiasuites.com\/mexicocity\/centro-de-negocios\/","url":"https:\/\/stadiasuites.com\/mexicocity\/centro-de-negocios\/","name":"Centro de Negocios - Hotel Stadia Suites Mexico City Santa Fe","isPartOf":{"@id":"https:\/\/stadiasuites.com\/mexicocity\/#website"},"primaryImageOfPage":{"@id":"https:\/\/stadiasuites.com\/mexicocity\/centro-de-negocios\/#primaryimage"},"image":{"@id":"https:\/\/stadiasuites.com\/mexicocity\/centro-de-negocios\/#primaryimage"},"thumbnailUrl":"https:\/\/stadiasuites.com\/mexicocity\/wp-content\/uploads\/sites\/3\/2019\/02\/Home-Centro-de-Negocios.jpg","datePublished":"2019-02-05T01:11:52+00:00","breadcrumb":{"@id":"https:\/\/stadiasuites.com\/mexicocity\/centro-de-negocios\/#breadcrumb"},"inLanguage":"es","potentialAction":[{"@type":"ReadAction","target":["https:\/\/stadiasuites.com\/mexicocity\/centro-de-negocios\/"]}]},{"@type":"ImageObject","inLanguage":"es","@id":"https:\/\/stadiasuites.com\/mexicocity\/centro-de-negocios\/#primaryimage","url":"https:\/\/stadiasuites.com\/mexicocity\/wp-content\/uploads\/sites\/3\/2019\/02\/Home-Centro-de-Negocios.jpg","contentUrl":"https:\/\/stadiasuites.com\/mexicocity\/wp-content\/uploads\/sites\/3\/2019\/02\/Home-Centro-de-Negocios.jpg","width":6144,"height":4081},{"@type":"BreadcrumbList","@id":"https:\/\/stadiasuites.com\/mexicocity\/centro-de-negocios\/#breadcrumb","itemListElement":[{"@type":"ListItem","position":1,"name":"Home","item":"https:\/\/stadiasuites.com\/mexicocity\/"},{"@type":"ListItem","position":2,"name":"Centro de Negocios"}]},{"@type":"WebSite","@id":"https:\/\/stadiasuites.com\/mexicocity\/#website","url":"https:\/\/stadiasuites.com\/mexicocity\/","name":"Hotel Stadia Suites Mexico City Santa Fe","description":"Rooms equipped apartment type","potentialAction":[{"@type":"SearchAction","target":{"@type":"EntryPoint","urlTemplate":"https:\/\/stadiasuites.com\/mexicocity\/?s={search_term_string}"},"query-input":{"@type":"PropertyValueSpecification","valueRequired":true,"valueName":"search_term_string"}}],"inLanguage":"es"}]}},"_links":{"self":[{"href":"https:\/\/stadiasuites.com\/mexicocity\/wp-json\/wp\/v2\/pages\/228","targetHints":{"allow":["GET"]}}],"collection":[{"href":"https:\/\/stadiasuites.com\/mexicocity\/wp-json\/wp\/v2\/pages"}],"about":[{"href":"https:\/\/stadiasuites.com\/mexicocity\/wp-json\/wp\/v2\/types\/page"}],"author":[{"embeddable":true,"href":"https:\/\/stadiasuites.com\/mexicocity\/wp-json\/wp\/v2\/users\/1"}],"replies":[{"embeddable":true,"href":"https:\/\/stadiasuites.com\/mexicocity\/wp-json\/wp\/v2\/comments?post=228"}],"version-history":[{"count":0,"href":"https:\/\/stadiasuites.com\/mexicocity\/wp-json\/wp\/v2\/pages\/228\/revisions"}],"wp:featuredmedia":[{"embeddable":true,"href":"https:\/\/stadiasuites.com\/mexicocity\/wp-json\/wp\/v2\/media\/229"}],"wp:attachment":[{"href":"https:\/\/stadiasuites.com\/mexicocity\/wp-json\/wp\/v2\/media?parent=228"}],"curies":[{"name":"wp","href":"https:\/\/api.w.org\/{rel}","templated":true}]}}